{"id":969,"date":"2024-05-06T11:12:02","date_gmt":"2024-05-06T09:12:02","guid":{"rendered":"https:\/\/catedraenfermedadesinfecciosas.umh.es\/?page_id=969"},"modified":"2024-12-23T15:18:27","modified_gmt":"2024-12-23T14:18:27","slug":"https-catedraenfermedadesinfecciosas-umh-es-files-2024-05-comment-fgg_safety-of-teropavimab-and-zinlirvimab-with-lenacapavir-1-pdf","status":"publish","type":"page","link":"https:\/\/catedraenfermedadesinfecciosas.umh.es\/en\/acciones-de-la-catedra\/long-acting\/journal-club\/https-catedraenfermedadesinfecciosas-umh-es-files-2024-05-comment-fgg_safety-of-teropavimab-and-zinlirvimab-with-lenacapavir-1-pdf\/","title":{"rendered":"Borrador autom\u00e1tico"},"content":{"rendered":"<p>[et_pb_section fb_built=&#8221;1&#8243; _builder_version=&#8221;4.17.4&#8243; _module_preset=&#8221;default&#8221; global_colors_info=&#8221;{}&#8221;][et_pb_row _builder_version=&#8221;4.17.4&#8243; _module_preset=&#8221;default&#8221; global_colors_info=&#8221;{}&#8221;][et_pb_column type=&#8221;4_4&#8243; _builder_version=&#8221;4.17.4&#8243; _module_preset=&#8221;default&#8221; global_colors_info=&#8221;{}&#8221;][et_pb_text _builder_version=&#8221;4.17.4&#8243; _module_preset=&#8221;default&#8221; hover_enabled=&#8221;0&#8243; global_colors_info=&#8221;{}&#8221; sticky_enabled=&#8221;0&#8243;]<\/p>\n<p style=\"text-align: center\"><strong><span style=\"text-decoration: underline\">JOURNAL CLUB<\/span><\/strong><\/p>\n<p><strong>\u00a0<\/strong>Mayo 2024 #1:<\/p>\n<p>Art\u00edculo comentado por Federico Garc\u00eda Garc\u00eda, Hospital Universitario San Cecilio, Granada.<\/p>\n<p>&nbsp;<\/p>\n\n<!-- iframe plugin v.4.5 wordpress.org\/plugins\/iframe\/ -->\n<iframe loading=\"lazy\" src=\"https:\/\/catedraenfermedadesinfecciosas.umh.es\/files\/2024\/11\/Comment-FGG_Safety-of-teropavimab-and-zinlirvimab-with-lenacapavir-1.pdf\" width=\"100%\" height=\"500\" scrolling=\"yes\" class=\"iframe-class\" frameborder=\"0\"><\/iframe>\n\n<p>[\/et_pb_text][\/et_pb_column][\/et_pb_row][\/et_pb_section]<\/p>\n","protected":false},"excerpt":{"rendered":"<p>JOURNAL CLUB \u00a0Mayo 2024 #1: Art\u00edculo comentado por Federico Garc\u00eda Garc\u00eda, Hospital Universitario San Cecilio, Granada. &nbsp; \n<!-- iframe plugin v.4.5 wordpress.org\/plugins\/iframe\/ -->\n<iframe src=\"https:\/\/catedraenfermedadesinfecciosas.umh.es\/files\/2024\/11\/Comment-FGG_Safety-of-teropavimab-and-zinlirvimab-with-lenacapavir-1.pdf\" width=\"100%\" height=\"500\" scrolling=\"yes\" class=\"iframe-class\" frameborder=\"0\"><\/iframe>\n<\/p>\n","protected":false},"author":26230,"featured_media":0,"parent":49,"menu_order":0,"comment_status":"closed","ping_status":"closed","template":"","meta":{"_et_pb_use_builder":"on","_et_pb_old_content":"","_et_gb_content_width":"","_links_to":"","_links_to_target":""},"_links":{"self":[{"href":"https:\/\/catedraenfermedadesinfecciosas.umh.es\/en\/wp-json\/wp\/v2\/pages\/969"}],"collection":[{"href":"https:\/\/catedraenfermedadesinfecciosas.umh.es\/en\/wp-json\/wp\/v2\/pages"}],"about":[{"href":"https:\/\/catedraenfermedadesinfecciosas.umh.es\/en\/wp-json\/wp\/v2\/types\/page"}],"author":[{"embeddable":true,"href":"https:\/\/catedraenfermedadesinfecciosas.umh.es\/en\/wp-json\/wp\/v2\/users\/26230"}],"replies":[{"embeddable":true,"href":"https:\/\/catedraenfermedadesinfecciosas.umh.es\/en\/wp-json\/wp\/v2\/comments?post=969"}],"version-history":[{"count":0,"href":"https:\/\/catedraenfermedadesinfecciosas.umh.es\/en\/wp-json\/wp\/v2\/pages\/969\/revisions"}],"up":[{"embeddable":true,"href":"https:\/\/catedraenfermedadesinfecciosas.umh.es\/en\/wp-json\/wp\/v2\/pages\/49"}],"wp:attachment":[{"href":"https:\/\/catedraenfermedadesinfecciosas.umh.es\/en\/wp-json\/wp\/v2\/media?parent=969"}],"curies":[{"name":"wp","href":"https:\/\/api.w.org\/{rel}","templated":true}]}}