{"id":69,"date":"2024-03-03T13:47:51","date_gmt":"2024-03-03T12:47:51","guid":{"rendered":"https:\/\/catedraenfermedadesinfecciosas.umh.es\/?page_id=69"},"modified":"2024-04-22T09:04:33","modified_gmt":"2024-04-22T07:04:33","slug":"1-2","status":"publish","type":"page","link":"https:\/\/catedraenfermedadesinfecciosas.umh.es\/en\/acciones-de-la-catedra\/long-acting\/news-letters\/1-2\/","title":{"rendered":"<span lang=\"es\">(Espa\u00f1ol) Newsletter #1-Feb 2024<\/span>"},"content":{"rendered":"<p>[et_pb_section fb_built=&#8221;1&#8243; _builder_version=&#8221;4.17.4&#8243; _module_preset=&#8221;default&#8221; background_image=&#8221;https:\/\/catedraenfermedadesinfecciosas.umh.es\/files\/2024\/04\/virus3.png&#8221; global_colors_info=&#8221;{}&#8221; theme_builder_area=&#8221;post_content&#8221;][et_pb_row _builder_version=&#8221;4.17.4&#8243; _module_preset=&#8221;default&#8221; global_colors_info=&#8221;{}&#8221; theme_builder_area=&#8221;post_content&#8221;][et_pb_column type=&#8221;4_4&#8243; _builder_version=&#8221;4.17.4&#8243; _module_preset=&#8221;default&#8221; global_colors_info=&#8221;{}&#8221; theme_builder_area=&#8221;post_content&#8221;][et_pb_text _builder_version=&#8221;4.17.4&#8243; _module_preset=&#8221;default&#8221; text_font=&#8221;|700|||||||&#8221; text_text_color=&#8221;#FFFFFF&#8221; text_font_size=&#8221;42px&#8221; text_text_shadow_style=&#8221;preset5&#8243; text_text_shadow_blur_strength=&#8221;1.46em&#8221; text_text_shadow_color=&#8221;#000000&#8243; global_colors_info=&#8221;{}&#8221; theme_builder_area=&#8221;post_content&#8221;]<\/p>\n<p style=\"text-align: center;\">C\u00e1tedra de Enfermedades Infecciosas<\/p>\n<p>[\/et_pb_text][\/et_pb_column][\/et_pb_row][\/et_pb_section][et_pb_section fb_built=&#8221;1&#8243; _builder_version=&#8221;4.16&#8243; global_colors_info=&#8221;{}&#8221;][et_pb_row _builder_version=&#8221;4.16&#8243; background_size=&#8221;initial&#8221; background_position=&#8221;top_left&#8221; background_repeat=&#8221;repeat&#8221; global_colors_info=&#8221;{}&#8221;][et_pb_column type=&#8221;4_4&#8243; _builder_version=&#8221;4.16&#8243; custom_padding=&#8221;|||&#8221; global_colors_info=&#8221;{}&#8221; custom_padding__hover=&#8221;|||&#8221;][et_pb_text _builder_version=&#8221;4.16&#8243; background_size=&#8221;initial&#8221; background_position=&#8221;top_left&#8221; background_repeat=&#8221;repeat&#8221; global_colors_info=&#8221;{}&#8221;]<\/p>\n<p style=\"text-align: justify;\"><span style=\"font-weight: 400;\">Bienvenidos a nuestra newsletter informativa sobre avances en el tratamiento Long-acting del VIH.\u00a0<\/span><\/p>\n<p style=\"text-align: justify;\"><span style=\"font-weight: 400;\">Ya ha pasado un a\u00f1o desde la comercializaci\u00f3n de los primeros f\u00e1rmacos antirretrovirales de acci\u00f3n prolongada, cabotegravir y rilpivirina. La experiencia comunicada en vida real es creciente y se espera con inter\u00e9s. Nuestros panelistas nos har\u00e1n un recorrido por este tema mediante un interesante podcast que podr\u00e9is encontrar en la web.<\/span><\/p>\n<p style=\"text-align: justify;\"><span style=\"font-weight: 400;\">M\u00e1s espec\u00edficamente, publicaremos pr\u00f3ximamente los comentarios de dos expertos en manejo de estos pacientes sobre dos trabajos muy recientes con potenciales implicaciones en el manejo de nuestros pacientes. El primero examina casos de fracaso virol\u00f3gico en pacientes que reciben terapia inyectable con cabotegravir y rilpivirina. En segundo estudio analiza c\u00f3mo la obesidad afecta la exposici\u00f3n a estos cabotegravir y rilpivirina, subrayando la potencial importancia de la monitorizaci\u00f3n de niveles plasm\u00e1ticos para garantizar la eficacia en este grupo de pacientes.\u00a0<\/span><\/p>\n<p style=\"text-align: justify;\"><span style=\"font-weight: 400;\">Como sabr\u00e9is, tuvo lugar del 3 al 6 de marzo el congreso cient\u00edfico \u201cConference on Retroviruses and Opportunistic Infections (CROI) 2024\u201d con importantes novedades en pautas long-acting ya aprobadas como cabotegravir, cabotegravir\/rilpivirina, lenacapavir y, otras en desarrollo a\u00fan, como islatravir (inhibidor de la translocaci\u00f3n) o el uso anticuerpos ampliamente neutralizantes, aislados o en combinaci\u00f3n, en escenarios fuera de los que est\u00e1n aprobados hasta ahora. Pr\u00f3ximamente encontrar\u00e9is una revisi\u00f3n comentada de estos trabajos en la secci\u00f3n \u201cMedical Conferences Feed-Back\u201d.\u00a0<\/span><\/p>\n<p style=\"text-align: justify;\"><span style=\"font-weight: 400;\">Gracias por acompa\u00f1arnos en esta edici\u00f3n de nuestra newsletter. Para estar al d\u00eda con las \u00faltimas novedades en terapias de larga duraci\u00f3n, te invitamos a visitar nuestra p\u00e1gina web regularmente.<\/span><\/p>\n<p style=\"text-align: justify;\"><span style=\"font-weight: 400;\">\u00a1Gracias por tu atenci\u00f3n y hasta la pr\u00f3xima!<\/span><\/p>\n<p style=\"text-align: justify;\"><span style=\"font-weight: 400;\">Atentamente,<\/span><\/p>\n<p style=\"text-align: justify;\"><span style=\"font-weight: 400;\">C\u00e1tedra de Enfermedades Infecciosas, UMH.<\/span><\/p>\n<p>[\/et_pb_text][\/et_pb_column][\/et_pb_row][\/et_pb_section][et_pb_section fb_built=&#8221;1&#8243; theme_builder_area=&#8221;post_content&#8221; _builder_version=&#8221;4.17.4&#8243; _module_preset=&#8221;default&#8221; disabled_on=&#8221;on|on|on&#8221; disabled=&#8221;on&#8221;][et_pb_row _builder_version=&#8221;4.17.4&#8243; _module_preset=&#8221;default&#8221; theme_builder_area=&#8221;post_content&#8221;][et_pb_column _builder_version=&#8221;4.17.4&#8243; _module_preset=&#8221;default&#8221; theme_builder_area=&#8221;post_content&#8221;][:es _i=&#8221;0&#8243; _address=&#8221;0&#8243; theme_builder_area=&#8221;post_content&#8221; \/][: _i=&#8221;2&#8243; _address=&#8221;2&#8243; theme_builder_area=&#8221;post_content&#8221; \/][\/et_pb_column][\/et_pb_row][\/et_pb_section]<\/p>\n","protected":false},"excerpt":{"rendered":"<p>C\u00e1tedra de Enfermedades InfecciosasBienvenidos a nuestra newsletter informativa sobre avances en el tratamiento Long-acting del VIH.\u00a0 Ya ha pasado un a\u00f1o desde la comercializaci\u00f3n de los primeros f\u00e1rmacos antirretrovirales de acci\u00f3n prolongada, cabotegravir y rilpivirina. La experiencia comunicada en vida real es creciente y se espera con inter\u00e9s. Nuestros panelistas nos har\u00e1n un recorrido por [&hellip;]<\/p>\n","protected":false},"author":2903,"featured_media":0,"parent":52,"menu_order":0,"comment_status":"closed","ping_status":"closed","template":"","meta":{"_et_pb_use_builder":"on","_et_pb_old_content":"<p style=\"text-align: justify;\"><span style=\"font-weight: 400;\">Bienvenidos a nuestra newsletter informativa sobre avances en el tratamiento Long-acting del VIH.\u00a0<\/span><\/p><p style=\"text-align: justify;\"><span style=\"font-weight: 400;\">Ya ha pasado un a\u00f1o desde la comercializaci\u00f3n de los primeros f\u00e1rmacos antirretrovirales de acci\u00f3n prolongada, cabotegravir y rilpivirina. La experiencia comunicada en vida real es creciente y se espera con inter\u00e9s. Nuestros panelistas nos har\u00e1n un recorrido por este tema mediante un interesante podcast que podr\u00e9is encontrar en la web.<\/span><\/p><p style=\"text-align: justify;\"><span style=\"font-weight: 400;\">M\u00e1s espec\u00edficamente, publicaremos pr\u00f3ximamente los comentarios de dos expertos en manejo de estos pacientes sobre dos trabajos muy recientes con potenciales implicaciones en el manejo de nuestros pacientes. El primero examina casos de fracaso virol\u00f3gico en pacientes que reciben terapia inyectable con cabotegravir y rilpivirina. En segundo estudio analiza c\u00f3mo la obesidad afecta la exposici\u00f3n a estos cabotegravir y rilpivirina, subrayando la potencial importancia de la monitorizaci\u00f3n de niveles plasm\u00e1ticos para garantizar la eficacia en este grupo de pacientes.\u00a0<\/span><\/p><p style=\"text-align: justify;\"><span style=\"font-weight: 400;\">Como sabr\u00e9is, tuvo lugar del 3 al 6 de marzo el congreso cient\u00edfico \u201cConference on Retroviruses and Opportunistic Infections (CROI) 2024\u201d con importantes novedades en pautas long-acting ya aprobadas como cabotegravir, cabotegravir\/rilpivirina, lenacapavir y, otras en desarrollo a\u00fan, como islatravir (inhibidor de la translocaci\u00f3n) o el uso anticuerpos ampliamente neutralizantes, aislados o en combinaci\u00f3n, en escenarios fuera de los que est\u00e1n aprobados hasta ahora. Pr\u00f3ximamente encontrar\u00e9is una revisi\u00f3n comentada de estos trabajos en la secci\u00f3n \u201cMedical Conferences Feed-Back\u201d.\u00a0<\/span><\/p><p style=\"text-align: justify;\"><span style=\"font-weight: 400;\">Gracias por acompa\u00f1arnos en esta edici\u00f3n de nuestra newsletter. Para estar al d\u00eda con las \u00faltimas novedades en terapias de larga duraci\u00f3n, te invitamos a visitar nuestra p\u00e1gina web regularmente.<\/span><\/p><p style=\"text-align: justify;\"><span style=\"font-weight: 400;\">\u00a1Gracias por tu atenci\u00f3n y hasta la pr\u00f3xima!<\/span><\/p><p style=\"text-align: justify;\"><span style=\"font-weight: 400;\">Atentamente,<\/span><\/p><p style=\"text-align: justify;\"><span style=\"font-weight: 400;\">C\u00e1tedra de Enfermedades Infecciosas, UMH.<\/span><\/p>","_et_gb_content_width":"","_links_to":"","_links_to_target":""},"_links":{"self":[{"href":"https:\/\/catedraenfermedadesinfecciosas.umh.es\/en\/wp-json\/wp\/v2\/pages\/69"}],"collection":[{"href":"https:\/\/catedraenfermedadesinfecciosas.umh.es\/en\/wp-json\/wp\/v2\/pages"}],"about":[{"href":"https:\/\/catedraenfermedadesinfecciosas.umh.es\/en\/wp-json\/wp\/v2\/types\/page"}],"author":[{"embeddable":true,"href":"https:\/\/catedraenfermedadesinfecciosas.umh.es\/en\/wp-json\/wp\/v2\/users\/2903"}],"replies":[{"embeddable":true,"href":"https:\/\/catedraenfermedadesinfecciosas.umh.es\/en\/wp-json\/wp\/v2\/comments?post=69"}],"version-history":[{"count":0,"href":"https:\/\/catedraenfermedadesinfecciosas.umh.es\/en\/wp-json\/wp\/v2\/pages\/69\/revisions"}],"up":[{"embeddable":true,"href":"https:\/\/catedraenfermedadesinfecciosas.umh.es\/en\/wp-json\/wp\/v2\/pages\/52"}],"wp:attachment":[{"href":"https:\/\/catedraenfermedadesinfecciosas.umh.es\/en\/wp-json\/wp\/v2\/media?parent=69"}],"curies":[{"name":"wp","href":"https:\/\/api.w.org\/{rel}","templated":true}]}}