{"id":40,"date":"2024-02-08T09:28:26","date_gmt":"2024-02-08T08:28:26","guid":{"rendered":"https:\/\/catedraenfermedadesinfecciosas.umh.es\/?page_id=40"},"modified":"2024-12-23T10:02:33","modified_gmt":"2024-12-23T09:02:33","slug":"long-acting","status":"publish","type":"page","link":"https:\/\/catedraenfermedadesinfecciosas.umh.es\/en\/acciones-de-la-catedra\/long-acting\/","title":{"rendered":"<span lang=\"es\">(Espa\u00f1ol) Updates on Long-acting antivirals<\/span>"},"content":{"rendered":"<p>[et_pb_section fb_built=&#8221;1&#8243; _builder_version=&#8221;4.17.4&#8243; _module_preset=&#8221;default&#8221; background_color=&#8221;RGBA(255,255,255,0)&#8221; background_image=&#8221;https:\/\/catedraenfermedadesinfecciosas.umh.es\/files\/2024\/10\/confe.png&#8221; min_height=&#8221;146.5px&#8221; height=&#8221;287px&#8221; custom_margin=&#8221;||0px|||&#8221; global_colors_info=&#8221;{}&#8221;][et_pb_row _builder_version=&#8221;4.17.4&#8243; _module_preset=&#8221;default&#8221; global_colors_info=&#8221;{}&#8221;][et_pb_column type=&#8221;4_4&#8243; _builder_version=&#8221;4.17.4&#8243; _module_preset=&#8221;default&#8221; global_colors_info=&#8221;{}&#8221;][et_pb_text _builder_version=&#8221;4.17.4&#8243; _module_preset=&#8221;default&#8221; text_font=&#8221;|700|||||||&#8221; text_text_color=&#8221;#FFFFFF&#8221; text_font_size=&#8221;42px&#8221; text_text_shadow_style=&#8221;preset5&#8243; text_text_shadow_blur_strength=&#8221;1.46em&#8221; text_text_shadow_color=&#8221;#000000&#8243; global_colors_info=&#8221;{}&#8221;]<\/p>\n<p style=\"text-align: center\">C\u00e1tedra de Enfermedades Infecciosas y<\/p>\n<p style=\"text-align: center\">VIH\/SIDA<\/p>\n<p>[\/et_pb_text][\/et_pb_column][\/et_pb_row][\/et_pb_section][et_pb_section fb_built=&#8221;1&#8243; _builder_version=&#8221;4.16&#8243; global_colors_info=&#8221;{}&#8221;][et_pb_row _builder_version=&#8221;4.17.4&#8243; background_size=&#8221;initial&#8221; background_position=&#8221;top_left&#8221; background_repeat=&#8221;repeat&#8221; global_colors_info=&#8221;{}&#8221;][et_pb_column type=&#8221;4_4&#8243; _builder_version=&#8221;4.16&#8243; custom_padding=&#8221;|||&#8221; global_colors_info=&#8221;{}&#8221; custom_padding__hover=&#8221;|||&#8221;][et_pb_text _builder_version=&#8221;4.17.4&#8243; text_text_color=&#8221;#000000&#8243; text_font_size=&#8221;16px&#8221; background_size=&#8221;initial&#8221; background_position=&#8221;top_left&#8221; background_repeat=&#8221;repeat&#8221; hover_enabled=&#8221;0&#8243; global_colors_info=&#8221;{}&#8221; sticky_enabled=&#8221;0&#8243;]<\/p>\n<h2 style=\"text-align: justify\"><strong>Updates on Long-acting antivirals for treatment &amp; prevention of HIV infection<\/strong><\/h2>\n<p style=\"text-align: justify\">Programa cient\u00edfico de divulgaci\u00f3n y formaci\u00f3n m\u00e9dica continuada para actualizar el conocimiento sobre las terapias de acci\u00f3n prolongada en personas con VIH. Se desarrolla en el marco de la Fundaci\u00f3n para la Investigaci\u00f3n Sanitaria y Biom\u00e9dica de la Comunidad Valenciana-FISABIO- y de la C\u00e1tedra de Enfermedades Infecciosas &amp; VIH\/SIDA de la Universidad Miguel Hern\u00e1ndez de Alicante y cuenta con la colaboraci\u00f3n de las compa\u00f1\u00edas farmac\u00e9uticas ViiV Healthcare y Janssen Cilag.<\/p>\n<p style=\"text-align: justify\"><strong>OBJETIVOS<\/strong><br \/>Los objetivos generales de formaci\u00f3n y comunicaci\u00f3n del proyecto son los siguientes:<\/p>\n<p style=\"text-align: justify\">1. Revisi\u00f3n y an\u00e1lisis cr\u00edtico de los art\u00edculos originales publicados en revistas biom\u00e9dicas y de las contribuciones relevantes presentadas en Congresos que puedan aportar conocimiento nuevo sobre las terapias de acci\u00f3n prolongada para la infecci\u00f3n por el VIH.<\/p>\n<p style=\"text-align: justify\">2. Comunicar los avances cient\u00edficos en las terapias de acci\u00f3n prolongada para la infecci\u00f3n por el VIH mediante el desarrollo de contenidos espec\u00edficos dirigidos a los m\u00e9dicos y otros profesionales sanitarios interesados.<\/p>\n<p style=\"text-align: justify\">3. Divulgar el conocimiento sobre las terapias de acci\u00f3n prolongada para la infecci\u00f3n por el VIH a la sociedad en su conjunto<\/p>\n<p style=\"text-align: justify\"><strong>ACTIVIDADES A DESARROLLAR<\/strong><br \/>Para el desarrollo y difusi\u00f3n de los contenidos se cuenta con especialistas en VIH con experiencia en investigaci\u00f3n y pr\u00e1ctica cl\u00ednica con las terapias de acci\u00f3n prolongada.<\/p>\n<p style=\"text-align: justify\">El programa, contenidos y formato se alojan en la p\u00e1gina web de la UMH, en el sitio de la C\u00e1tedra de Enfermedades Infecciosas &amp; VIH y son f\u00e1cilmente accesibles.<\/p>\n<p style=\"text-align: justify\">Para la difusi\u00f3n de los contenidos se utilizar\u00e1n los siguientes formatos:<\/p>\n<ul>\n<li><a href='https:\/\/catedraenfermedadesinfecciosas.umh.es\/podcast-2\/' class='small-button smallblue'>PODCAST<\/a> Se incluir\u00e1n contenidos audiovisuales y entrevistas a los panelistas sobre los avances cient\u00edficos en el campo.<\/li>\n<li><a href='https:\/\/catedraenfermedadesinfecciosas.umh.es\/acciones-de-la-catedra\/long-acting\/news-letters\/' class='small-button smallblue'>NEWSLETTER<\/a> Se emitir\u00e1n peri\u00f3dicamente con las principales novedades.<\/li>\n<\/ul>\n<ul style=\"text-align: justify\">\n<li><a href='https:\/\/catedraenfermedadesinfecciosas.umh.es\/acciones-de-la-catedra\/long-acting\/journal-club\/' class='small-button smallblue'>JOURNAL CLUB<\/a> Art\u00edculos cient\u00edficos comentados en formato de texto. El comentario incluye los objetivos\/preguntas principales del art\u00edculo, los m\u00e9todos utilizados, los resultados obtenidos y las conclusiones del estudio. Se explicar\u00e1 la validez de los m\u00e9todos, se contextualizar\u00e1n los resultados y sus posibles implicaciones.<\/li>\n<li><a href='https:\/\/catedraenfermedadesinfecciosas.umh.es\/acciones-de-la-catedra\/long-acting\/medical-conferences-feed-back\/' class='small-button smallblue'>MEDICAL CONFERENCES (FEED-BACK)<\/a> Resumen comentado de las comunicaciones presentadas en los Congresos de la especialidad en forma de texto. Se seleccionan y comentan cr\u00edticamente las comunicaciones m\u00e1s relevantes sobre terapias de acci\u00f3n prolongada en personas con VIH, se contextualizan los resultados y sus posibles implicaciones.<\/li>\n<\/ul>\n<p style=\"text-align: justify\"><strong>COORDINACI\u00d3N Y PANELISTAS<\/strong><br \/>Direcci\u00f3n Cient\u00edfica: <em>F\u00e9lix Guti\u00e9rrez<\/em> y <em>Mar Masi\u00e1<\/em>, Hospital General Universitario de Elche, Alicante<br \/>Coordinaci\u00f3n Editorial: <em>Sergio Padilla<\/em> y <em>Javier Garc\u00eda Abell\u00e1n<\/em>, Hospital General Universitario de Elche, Alicante<br \/>Difusi\u00f3n de los contenidos: <em>Aurora Ramos<\/em><br \/>Community managing: <em>Jennifer Vallejo<\/em><\/p>\n<p style=\"text-align: justify\">Panel cient\u00edfico:<br \/><em>Miguel G\u00f3rgolas<\/em>, Hospital Fundaci\u00f3n Jim\u00e9nez D\u00edaz, Madrid<br \/><em>Federico Garc\u00eda<\/em>, Hospital Universitario Cl\u00ednico San Cecilio, Granada<br \/><em>Miguel Garc\u00eda del Toro<\/em>, Hospital General Universitario, Valencia<br \/><em>Vicente Estrada<\/em>, Hospital Cl\u00ednico Universitario, Madrid<br \/><em>Mar Masi\u00e1<\/em>, Hospital General Universitario de Elche, Alicante<br \/><em>Pere Domingo<\/em>, Hospital de la Santa Creu i Sant Pau, Barcelona<br \/><em>Enrique Bernal<\/em>, Hospital Universitario Reina Sof\u00eda, Murcia<br \/><em>Sergio Padilla<\/em>, Hospital General Universitario de Elche, Alicante<\/p>\n<p style=\"text-align: justify\"><strong>P\u00daBLICO POTENCIAL<\/strong><br \/>El programa aporta conocimiento nuevo sobre las terapias de acci\u00f3n prolongada para la infecci\u00f3n por el VIH, abordando y revisando los avances cient\u00edficos m\u00e1s actuales del campo.<br \/>Es de especial inter\u00e9s para m\u00e9dicos y otros profesionales sanitarios del campo del VIH y las enfermedades infecciosas. Estar\u00e1 al alcance de los estudiantes universitarios gracias al portal de la Universidad Miguel Hern\u00e1ndez.<\/p>\n<p>[\/et_pb_text][\/et_pb_column][\/et_pb_row][\/et_pb_section][et_pb_section fb_built=&#8221;1&#8243; _builder_version=&#8221;4.17.4&#8243; _module_preset=&#8221;default&#8221; global_colors_info=&#8221;{}&#8221;][\/et_pb_section][et_pb_section fb_built=&#8221;1&#8243; fullwidth=&#8221;on&#8221; _builder_version=&#8221;4.17.4&#8243; _module_preset=&#8221;default&#8221; global_colors_info=&#8221;{}&#8221;][\/et_pb_section][et_pb_section fb_built=&#8221;1&#8243; disabled_on=&#8221;on|on|on&#8221; _builder_version=&#8221;4.17.4&#8243; _module_preset=&#8221;default&#8221; disabled=&#8221;on&#8221; global_colors_info=&#8221;{}&#8221;][et_pb_row _builder_version=&#8221;4.17.4&#8243; _module_preset=&#8221;default&#8221; global_colors_info=&#8221;{}&#8221;][et_pb_column type=&#8221;4_4&#8243; _builder_version=&#8221;4.17.4&#8243; _module_preset=&#8221;default&#8221; global_colors_info=&#8221;{}&#8221;][:es _i=&#8221;0&#8243; _address=&#8221;4.0.0.0&#8243; theme_builder_area=&#8221;post_content&#8221; \/][: _i=&#8221;1&#8243; _address=&#8221;4.0.0.1&#8243; theme_builder_area=&#8221;post_content&#8221; \/][\/et_pb_column][\/et_pb_row][\/et_pb_section]<\/p>\n","protected":false},"excerpt":{"rendered":"<p>C\u00e1tedra de Enfermedades Infecciosas y VIH\/SIDAUpdates on Long-acting antivirals for treatment &amp; prevention of HIV infection Programa cient\u00edfico de divulgaci\u00f3n y formaci\u00f3n m\u00e9dica continuada para actualizar el conocimiento sobre las terapias de acci\u00f3n prolongada en personas con VIH. Se desarrolla en el marco de la Fundaci\u00f3n para la Investigaci\u00f3n Sanitaria y Biom\u00e9dica de la Comunidad [&hellip;]<\/p>\n","protected":false},"author":1159,"featured_media":0,"parent":31,"menu_order":0,"comment_status":"closed","ping_status":"closed","template":"","meta":{"_et_pb_use_builder":"on","_et_pb_old_content":"<h2 style=\"text-align: justify;\"><strong>Updates on Long-acting antivirals for treatment & prevention of HIV infection<\/strong><\/h2><p style=\"text-align: justify;\">Programa cient\u00edfico de divulgaci\u00f3n y formaci\u00f3n m\u00e9dica continuada para actualizar el conocimiento sobre las terapias de acci\u00f3n prolongada en personas con VIH. Se desarrolla en el marco de la Fundaci\u00f3n para la Investigaci\u00f3n Sanitaria y Biom\u00e9dica de la Comunidad Valenciana-FISABIO- y de la C\u00e1tedra de Enfermedades Infecciosas & VIH\/SIDA de la Universidad Miguel Hern\u00e1ndez de Alicante y cuenta con la colaboraci\u00f3n de las compa\u00f1\u00edas farmac\u00e9uticas ViiV Healthcare y Janssen Cilag.<\/p><p style=\"text-align: justify;\"><strong>OBJETIVOS<\/strong><br \/>Los objetivos generales de formaci\u00f3n y comunicaci\u00f3n del proyecto son los siguientes:<\/p><p style=\"text-align: justify;\">1. Revisi\u00f3n y an\u00e1lisis cr\u00edtico de los art\u00edculos originales publicados en revistas biom\u00e9dicas y de las contribuciones relevantes presentadas en Congresos especializados que puedan aportar conocimiento nuevo sobre las terapias de acci\u00f3n prolongada para la infecci\u00f3n por el VIH.<\/p><p style=\"text-align: justify;\">2. Comunicar los avances cient\u00edficos en las terapias de acci\u00f3n prolongada para la infecci\u00f3n por el VIH mediante el desarrollo de contenidos espec\u00edficos dirigidos a los m\u00e9dicos y otros profesionales sanitarios interesados.<\/p><p style=\"text-align: justify;\">3. Divulgar el conocimiento sobre las terapias de acci\u00f3n prolongada para la infecci\u00f3n por el VIH a la sociedad en su conjunto<\/p><p style=\"text-align: justify;\"><strong>ACTIVIDADES A DESARROLLAR<\/strong><br \/>Para el desarrollo y difusi\u00f3n de los contenidos se cuenta con especialistas en VIH con experiencia en investigaci\u00f3n y pr\u00e1ctica cl\u00ednica con las terapias de acci\u00f3n prolongada.<\/p><p style=\"text-align: justify;\">El programa, contenidos y formato se alojan en la p\u00e1gina web de la UMH, en el sitio de la C\u00e1tedra de Enfermedades Infecciosas & VIH y son f\u00e1cilmente accesibles.<\/p><p style=\"text-align: justify;\">Para la difusi\u00f3n de los contenidos se utilizar\u00e1n los siguientes formatos:<\/p><ul style=\"text-align: justify;\"><li>\u00c1rea de <a href=\"https:\/\/catedraenfermedadesinfecciosas.umh.es\/acciones-de-la-catedra\/long-acting\/journal-club\/\"><strong>JOURNAL CLUB<\/strong><\/a>. Art\u00edculos cient\u00edficos comentados en formato de texto. El comentario incluir\u00e1 los objetivos\/preguntas principales del art\u00edculo, los m\u00e9todos utilizados, los resultados obtenidos y las conclusiones del estudio. El comentario explicar\u00e1 espec\u00edficamente la validez de los m\u00e9todos y contextualizar\u00e1 los resultados y sus posibles implicaciones. Se comentar\u00e1n 24 art\u00edculos anuales (2\/mes).<\/li><li>\u00c1rea <a href=\"https:\/\/catedraenfermedadesinfecciosas.umh.es\/acciones-de-la-catedra\/long-acting\/medical-conferences-feed-back\/\"><strong>FEED-BACK FROM MEDICAL CONFERENCES<\/strong><\/a>. Resumen comentado de las comunicaciones presentadas en los Congresos de la especialidad en forma de texto. Se seleccionar\u00e1n y comentar\u00e1n cr\u00edticamente las comunicaciones m\u00e1s relevantes sobre terapias de acci\u00f3n prolongada en personas con VIH, se contextualizar\u00e1n los resultados y sus posibles implicaciones. Se har\u00e1n 4 res\u00famenes comentados anuales.<\/li><li>\u00c1rea <a href=\"https:\/\/catedraenfermedadesinfecciosas.umh.es\/acciones-de-la-catedra\/long-acting\/podcast\/\"><strong>PODCAST<\/strong><\/a>. Se incluir\u00e1n contenidos audiovisuales y entrevistas a los panelistas sobre los avances cient\u00edficos en el campo. Se har\u00e1n 4 podcasts anuales.<\/li><li><a href=\"https:\/\/catedraenfermedadesinfecciosas.umh.es\/acciones-de-la-catedra\/long-acting\/news-letters\/\"><strong>NEWS LETTERS<\/strong><\/a> informativas mensuales con las principales novedades.<\/li><\/ul><p style=\"text-align: justify;\"><strong>COORDINACI\u00d3N Y PANELISTAS<\/strong><br \/>Direcci\u00f3n Cient\u00edfica: <em>F\u00e9lix Guti\u00e9rrez<\/em> y <em>Mar Masi\u00e1<\/em>, Hospital General Universitario de Elche, Alicante<br \/>Coordinaci\u00f3n Editorial: <em>Sergio Padilla<\/em> y <em>Javier Garc\u00eda Abell\u00e1n<\/em>, Hospital General Universitario de Elche, Alicante<br \/>Difusi\u00f3n de los contenidos: <em>Aurora Ramos<\/em><br \/>Community managing: <em>Jennifer Vallejo<\/em><\/p><p style=\"text-align: justify;\">Panel cient\u00edfico:<br \/><em>Miguel G\u00f3rgolas<\/em>, Hospital Fundaci\u00f3n Jim\u00e9nez D\u00edaz, Madrid<br \/><em>Federico Garc\u00eda<\/em>, Hospital Universitario Cl\u00ednico San Cecilio, Granada<br \/><em>Miguel Garc\u00eda del Toro<\/em>, Hospital General Universitario, Valencia<br \/><em>Vicente Estrada<\/em>, Hospital Cl\u00ednico Universitario, Madrid<br \/><em>Mar Masi\u00e1<\/em>, Hospital General Universitario de Elche, Alicante<br \/><em>Pere Domingo<\/em>, Hospital de la Santa Creu i Sant Pau, Barcelona<br \/><em>Enrique Bernal<\/em>, Hospital Universitario Reina Sof\u00eda, Murcia<br \/><em>Sergio Padilla<\/em>, Hospital General Universitario de Elche, Alicante<\/p><p style=\"text-align: justify;\"><strong>CRONOGRAMA<\/strong><br \/>- Se realizar\u00e1 la difusi\u00f3n mensual de una newsletter informativa con las novedades del programa.<br \/>- Se publicar\u00e1n de manera mensual 2 art\u00edculos comentados por los expertos participantes en el programa.<br \/>- Se publicar\u00e1 de manera trimestral un podcast junto a otros contenidos audiovisuales sobre los avances cient\u00edficos presentados en el programa.<br \/>- Se publicar\u00e1 de manera trimestral un resumen comentado de las comunicaciones en congresos que ser\u00e1n analizadas y revisadas por los expertos participantes.<\/p><p style=\"text-align: justify;\"><strong>P\u00daBLICO POTENCIAL<\/strong><br \/>El programa aportar\u00e1 conocimiento nuevo sobre las terapias de acci\u00f3n prolongada para la infecci\u00f3n por el VIH, abordando y revisando los avances cient\u00edficos m\u00e1s actuales del campo.<br \/>Ser\u00e1 de especial inter\u00e9s para m\u00e9dicos y otros profesionales sanitarios del campo del VIH y las enfermedades infecciosas. Estar\u00e1 al alcance de los estudiantes universitarios gracias al portal de la Universidad Miguel Hern\u00e1ndez. Tambi\u00e9n ser\u00e1 accesible para la sociedad general.<\/p>","_et_gb_content_width":"","_links_to":"","_links_to_target":""},"_links":{"self":[{"href":"https:\/\/catedraenfermedadesinfecciosas.umh.es\/en\/wp-json\/wp\/v2\/pages\/40"}],"collection":[{"href":"https:\/\/catedraenfermedadesinfecciosas.umh.es\/en\/wp-json\/wp\/v2\/pages"}],"about":[{"href":"https:\/\/catedraenfermedadesinfecciosas.umh.es\/en\/wp-json\/wp\/v2\/types\/page"}],"author":[{"embeddable":true,"href":"https:\/\/catedraenfermedadesinfecciosas.umh.es\/en\/wp-json\/wp\/v2\/users\/1159"}],"replies":[{"embeddable":true,"href":"https:\/\/catedraenfermedadesinfecciosas.umh.es\/en\/wp-json\/wp\/v2\/comments?post=40"}],"version-history":[{"count":0,"href":"https:\/\/catedraenfermedadesinfecciosas.umh.es\/en\/wp-json\/wp\/v2\/pages\/40\/revisions"}],"up":[{"embeddable":true,"href":"https:\/\/catedraenfermedadesinfecciosas.umh.es\/en\/wp-json\/wp\/v2\/pages\/31"}],"wp:attachment":[{"href":"https:\/\/catedraenfermedadesinfecciosas.umh.es\/en\/wp-json\/wp\/v2\/media?parent=40"}],"curies":[{"name":"wp","href":"https:\/\/api.w.org\/{rel}","templated":true}]}}