{"id":3622,"date":"2026-04-24T12:59:29","date_gmt":"2026-04-24T10:59:29","guid":{"rendered":"https:\/\/catedraenfermedadesinfecciosas.umh.es\/?page_id=3622"},"modified":"2026-04-24T13:06:47","modified_gmt":"2026-04-24T11:06:47","slug":"journal-club-5","status":"publish","type":"page","link":"https:\/\/catedraenfermedadesinfecciosas.umh.es\/en\/journal-club-5\/","title":{"rendered":"Borrador autom\u00e1tico"},"content":{"rendered":"<p>[et_pb_section fb_built=&#8221;1&#8243; _builder_version=&#8221;4.17.4&#8243; _module_preset=&#8221;default&#8221; global_colors_info=&#8221;{}&#8221;][et_pb_row _builder_version=&#8221;4.17.4&#8243; _module_preset=&#8221;default&#8221; global_colors_info=&#8221;{}&#8221;][et_pb_column type=&#8221;4_4&#8243; _builder_version=&#8221;4.17.4&#8243; _module_preset=&#8221;default&#8221; global_colors_info=&#8221;{}&#8221;][et_pb_text _builder_version=&#8221;4.17.4&#8243; _module_preset=&#8221;default&#8221; global_colors_info=&#8221;{}&#8221;]<\/p>\n<p style=\"text-align: center\">Art\u00edculo comentado por el Dr. F\u00e9lix Guti\u00e9rrez Rodero. Hospital General Universitario de Elche<\/p>\n\n<!-- iframe plugin v.4.5 wordpress.org\/plugins\/iframe\/ -->\n<iframe loading=\"lazy\" src=\"https:\/\/catedraenfermedadesinfecciosas.umh.es\/files\/2026\/04\/Updates-Long-Acting-Comentario-Virological-Failures-CID-2026-Felix-Gutierrez.pdf\" width=\"100%\" height=\"500\" scrolling=\"yes\" class=\"iframe-class\" frameborder=\"0\"><\/iframe>\n\n<p>[\/et_pb_text][\/et_pb_column][\/et_pb_row][\/et_pb_section]<\/p>\n","protected":false},"excerpt":{"rendered":"<p>Art\u00edculo comentado por el Dr. F\u00e9lix Guti\u00e9rrez Rodero. Hospital General Universitario de Elche \n<!-- iframe plugin v.4.5 wordpress.org\/plugins\/iframe\/ -->\n<iframe src=\"https:\/\/catedraenfermedadesinfecciosas.umh.es\/files\/2026\/04\/Updates-Long-Acting-Comentario-Virological-Failures-CID-2026-Felix-Gutierrez.pdf\" width=\"100%\" height=\"500\" scrolling=\"yes\" class=\"iframe-class\" frameborder=\"0\"><\/iframe>\n<\/p>\n","protected":false},"author":18080,"featured_media":0,"parent":0,"menu_order":0,"comment_status":"closed","ping_status":"closed","template":"","meta":{"_et_pb_use_builder":"on","_et_pb_old_content":"","_et_gb_content_width":"","_links_to":"","_links_to_target":""},"_links":{"self":[{"href":"https:\/\/catedraenfermedadesinfecciosas.umh.es\/en\/wp-json\/wp\/v2\/pages\/3622"}],"collection":[{"href":"https:\/\/catedraenfermedadesinfecciosas.umh.es\/en\/wp-json\/wp\/v2\/pages"}],"about":[{"href":"https:\/\/catedraenfermedadesinfecciosas.umh.es\/en\/wp-json\/wp\/v2\/types\/page"}],"author":[{"embeddable":true,"href":"https:\/\/catedraenfermedadesinfecciosas.umh.es\/en\/wp-json\/wp\/v2\/users\/18080"}],"replies":[{"embeddable":true,"href":"https:\/\/catedraenfermedadesinfecciosas.umh.es\/en\/wp-json\/wp\/v2\/comments?post=3622"}],"version-history":[{"count":0,"href":"https:\/\/catedraenfermedadesinfecciosas.umh.es\/en\/wp-json\/wp\/v2\/pages\/3622\/revisions"}],"wp:attachment":[{"href":"https:\/\/catedraenfermedadesinfecciosas.umh.es\/en\/wp-json\/wp\/v2\/media?parent=3622"}],"curies":[{"name":"wp","href":"https:\/\/api.w.org\/{rel}","templated":true}]}}