{"id":55,"date":"2024-02-08T09:48:03","date_gmt":"2024-02-08T08:48:03","guid":{"rendered":"https:\/\/catedraenfermedadesinfecciosas.umh.es\/?page_id=55"},"modified":"2025-12-02T14:18:25","modified_gmt":"2025-12-02T13:18:25","slug":"medical-conferences-feed-back","status":"publish","type":"page","link":"https:\/\/catedraenfermedadesinfecciosas.umh.es\/ca\/acciones-de-la-catedra\/long-acting\/medical-conferences-feed-back\/","title":{"rendered":"<span lang=\"es\">(Espa\u00f1ol) Medical Conferences Feed-Back<\/span>"},"content":{"rendered":"<p>[et_pb_section fb_built=&#8221;1&#8243; _builder_version=&#8221;4.17.4&#8243; _module_preset=&#8221;default&#8221; background_image=&#8221;https:\/\/catedraenfermedadesinfecciosas.umh.es\/files\/2024\/04\/virus3.png&#8221; global_colors_info=&#8221;{}&#8221;][et_pb_row _builder_version=&#8221;4.17.4&#8243; _module_preset=&#8221;default&#8221; global_colors_info=&#8221;{}&#8221;][et_pb_column type=&#8221;4_4&#8243; _builder_version=&#8221;4.17.4&#8243; _module_preset=&#8221;default&#8221; global_colors_info=&#8221;{}&#8221;][et_pb_text _builder_version=&#8221;4.17.4&#8243; _module_preset=&#8221;default&#8221; text_font=&#8221;|700|||||||&#8221; text_text_color=&#8221;#FFFFFF&#8221; text_font_size=&#8221;42px&#8221; text_text_shadow_style=&#8221;preset5&#8243; text_text_shadow_blur_strength=&#8221;1.46em&#8221; text_text_shadow_color=&#8221;#000000&#8243; global_colors_info=&#8221;{}&#8221;]<\/p>\n<p style=\"text-align: center\">C\u00e1tedra de Enfermedades Infecciosas y<\/p>\n<p style=\"text-align: center\">VIH\/SIDA<\/p>\n<p>[\/et_pb_text][\/et_pb_column][\/et_pb_row][\/et_pb_section][et_pb_section fb_built=&#8221;1&#8243; _builder_version=&#8221;4.16&#8243; global_colors_info=&#8221;{}&#8221;][et_pb_row _builder_version=&#8221;4.16&#8243; background_size=&#8221;initial&#8221; background_position=&#8221;top_left&#8221; background_repeat=&#8221;repeat&#8221; global_colors_info=&#8221;{}&#8221;][et_pb_column type=&#8221;4_4&#8243; _builder_version=&#8221;4.16&#8243; custom_padding=&#8221;|||&#8221; global_colors_info=&#8221;{}&#8221; custom_padding__hover=&#8221;|||&#8221;][et_pb_text _builder_version=&#8221;4.17.4&#8243; _module_preset=&#8221;default&#8221; custom_padding=&#8221;14px|||||&#8221; global_colors_info=&#8221;{}&#8221;]<\/p>\n<h1 style=\"text-align: center\"><span style=\"text-decoration: underline\"><strong>MEDICAL CONFERENCE<\/strong><\/span><\/h1>\n<p><span style=\"text-decoration: underline\"><strong><\/strong><\/span><\/p>\n<p><strong><span style=\"color: #111111\">Resumen comentado de las comunicaciones presentadas en los Congresos de la especialidad en forma de texto. Se seleccionar\u00e1n y comentar\u00e1n cr\u00edticamente las comunicaciones m\u00e1s relevantes sobre terapias de acci\u00f3n prolongada en personas con VIH, se contextualizar\u00e1n los resultados y sus posibles implicaciones.\u00a0<\/span><\/strong><\/p>\n<p><strong><span style=\"color: #111111\"><\/span><\/strong><\/p>\n<p><strong><\/strong><\/p>\n<p>[\/et_pb_text][et_pb_blurb title=&#8221;Gesida 2025&#8243; url=&#8221;https:\/\/catedraenfermedadesinfecciosas.umh.es\/gesida-2025-presentacion-resultados-pasodoble-a-96-semanas-de-seguimiento\/&#8221; image=&#8221;https:\/\/catedraenfermedadesinfecciosas.umh.es\/files\/2025\/11\/Mar-Masia-Gesida2025.jpg&#8221; _builder_version=&#8221;4.17.4&#8243; _module_preset=&#8221;default&#8221; header_level=&#8221;h6&#8243; header_font=&#8221;|700|||||||&#8221; header_text_align=&#8221;center&#8221; header_text_color=&#8221;#FFFFFF&#8221; header_font_size=&#8221;35px&#8221; body_text_align=&#8221;justify&#8221; body_text_color=&#8221;#FFFFFF&#8221; background_enable_mask_style=&#8221;on&#8221; background_mask_style=&#8221;caret&#8221; background_mask_color=&#8221;#E09900&#8243; background_mask_transform=&#8221;flip_horizontal|flip_vertical|rotate_90_degree|invert&#8221; background_mask_size=&#8221;cover&#8221; custom_margin=&#8221;-5px|||0px|false|false&#8221; custom_padding=&#8221;0px||13px||false|false&#8221; global_colors_info=&#8221;{}&#8221;]<\/p>\n<p><span>El pasado lunes 24 de noviembre, durante el congreso<a href=\"https:\/\/congresogesida.es\/index.php\">\u00a0<\/a><\/span><a href=\"https:\/\/congresogesida.es\/index.php\"><strong>Gesida 2025<\/strong><\/a><span>, la Dra.\u00a0<\/span><strong data-start=\"317\" data-end=\"330\">Mar Masi\u00e1<\/strong><span>\u00a0expuso los\u00a0<\/span><strong data-start=\"342\" data-end=\"369\">resultados a 96 semanas<\/strong><span>\u00a0del ensayo\u00a0<\/span><a href=\"https:\/\/gacetamedica.com\/investigacion\/estudio-paso-doble-demuestra-que-la-combinacion-de-dolutegravir-y-lamivudina-es-igual-de-eficaz-que-biktarvy\/#:~:text=553%20personas%20con%20VIH,efavirenz%20o%20tenofovir%20disoproxil%20fumarato).\"><strong data-start=\"381\" data-end=\"395\">PASO-DOBLE<\/strong><\/a><span><a href=\"https:\/\/gacetamedica.com\/investigacion\/estudio-paso-doble-demuestra-que-la-combinacion-de-dolutegravir-y-lamivudina-es-igual-de-eficaz-que-biktarvy\/#:~:text=553%20personas%20con%20VIH,efavirenz%20o%20tenofovir%20disoproxil%20fumarato).\">,<\/a> comparando las estrategias de simplificaci\u00f3n terap\u00e9utica\u00a0<\/span><strong data-start=\"454\" data-end=\"481\">DTG\/3TC vs. BIC\/FTC\/TAF<\/strong><span>\u00a0en personas con VIH en supresi\u00f3n virol\u00f3gica.<\/span><\/p>\n<p>[\/et_pb_blurb][et_pb_blurb title=&#8221;EACS 2025&#8243; image=&#8221;https:\/\/catedraenfermedadesinfecciosas.umh.es\/files\/2025\/11\/Dra.-Masia.jpg&#8221; _builder_version=&#8221;4.17.4&#8243; _module_preset=&#8221;default&#8221; title_text=&#8221;Dra. Masi\u00e1_EACS2025&#8243; text_orientation=&#8221;center&#8221; header_level=&#8221;h3&#8243; header_font=&#8221;|700|||||||&#8221; hover_enabled=&#8221;0&#8243; sticky_enabled=&#8221;0&#8243; background_enable_mask_style=&#8221;on&#8221; background_mask_style=&#8221;caret&#8221; background_mask_color=&#8221;#0983c4&#8243; background_mask_transform=&#8221;flip_horizontal|flip_vertical|rotate_90_degree|invert&#8221; background_layout=&#8221;dark&#8221; custom_padding=&#8221;||35px||false|false&#8221; url=&#8221;https:\/\/catedraenfermedadesinfecciosas.umh.es\/eacs-2025-presentacion-dra-mar-masia\/&#8221;]<\/p>\n<p data-path-to-node=\"8\" style=\"text-align: justify\"><span data-path-to-node=\"8,1\"><span class=\"citation-264\">El c\u00e1ncer asociado al VPH es una <\/span><b><span class=\"citation-264\">carga cr\u00edtica<\/span><\/b><span class=\"citation-264\"> para las Personas con VIH (PVH), con un riesgo de c\u00e1ncer anal cercano a 40 veces mayor respecto a la poblaci\u00f3n general<\/span><\/span><span data-path-to-node=\"8,2\"><span class=\"citation-264 citation-end-264\"><sup class=\"superscript\" data-turn-source-index=\"2\"><\/sup><\/span><\/span><span data-path-to-node=\"8,3\">.<\/span><\/p>\n<p data-path-to-node=\"9\" style=\"text-align: justify\">Presentamos el resumen acad\u00e9mico que ampl\u00eda los contenidos expuestos por la <b>Dra. Mar Masi\u00e1<\/b> en el congreso <a href=\"https:\/\/www.eacsociety.org\/\"><b>EACS 2025<\/b><\/a> 15-18 octubre de 2025 en Paris, Francia.<\/p>\n<p>[\/et_pb_blurb][et_pb_text _builder_version=&#8221;4.17.4&#8243; background_size=&#8221;initial&#8221; background_position=&#8221;top_left&#8221; background_repeat=&#8221;repeat&#8221; inline_fonts=&#8221;Adamina&#8221; global_colors_info=&#8221;{}&#8221;]<\/p>\n<p>&nbsp;<\/p>\n<p>&nbsp;<\/p>\n<p>&nbsp;<\/p>\n<ul>\n<li><strong><a href=\"https:\/\/catedraenfermedadesinfecciosas.umh.es\/conference-on-retroviruses-and-opportunistic-infections-2025-croi\/\">Conference on Retroviruses and Opportunistic Infections (CROI) 2025<\/a><\/strong><\/li>\n<li><span style=\"text-decoration: underline;color: #000000\">Comentado por\u00a0 Dra. Marta Fern\u00e1ndez<\/span><\/li>\n<\/ul>\n<p><span style=\"text-decoration: underline;color: #000000\"><\/span><\/p>\n<ul>\n<li><strong><a href=\"https:\/\/catedraenfermedadesinfecciosas.umh.es\/medical-conference-feedback-astmh-2024-annual-meeting\/\">American Society of Tropical Medicine and Hygiene (ASTMH) 2024 Annual Meeting<\/a><\/strong>\n<ul>\n<li><span style=\"text-decoration: underline;color: #161616\">Comentado por Nuria Ena.<\/span><span style=\"color: #111111\"><\/span><span style=\"text-decoration: underline;color: #161616\"><\/span><\/li>\n<\/ul>\n<\/li>\n<\/ul>\n<p><span style=\"text-decoration: underline;color: #161616\"><\/span><\/p>\n<ul>\n<li><strong><a href=\"https:\/\/catedraenfermedadesinfecciosas.umh.es\/acciones-de-la-catedra\/long-acting\/medical-conferences-feed-back\/croi-2024\/\">Conference on Retrovirus and Opportunistic Infections (CROI) 2024<\/a><\/strong>\n<ul>\n<li><span style=\"text-decoration: underline;color: #161616\">Comentado por Dr. Sergio Padilla.\u00a0<\/span><\/li>\n<\/ul>\n<\/li>\n<\/ul>\n<p>[\/et_pb_text][\/et_pb_column][\/et_pb_row][\/et_pb_section][et_pb_section fb_built=&#8221;1&#8243; disabled_on=&#8221;on|on|on&#8221; _builder_version=&#8221;4.17.4&#8243; _module_preset=&#8221;default&#8221; disabled=&#8221;on&#8221; global_colors_info=&#8221;{}&#8221;][et_pb_row _builder_version=&#8221;4.17.4&#8243; _module_preset=&#8221;default&#8221; global_colors_info=&#8221;{}&#8221;][et_pb_column type=&#8221;4_4&#8243; _builder_version=&#8221;4.17.4&#8243; _module_preset=&#8221;default&#8221; global_colors_info=&#8221;{}&#8221;][:es _i=&#8221;0&#8243; _address=&#8221;2.0.0.0&#8243; theme_builder_area=&#8221;post_content&#8221; \/][: _i=&#8221;1&#8243; _address=&#8221;2.0.0.1&#8243; theme_builder_area=&#8221;post_content&#8221; \/][\/et_pb_column][\/et_pb_row][\/et_pb_section]<\/p>\n","protected":false},"excerpt":{"rendered":"<p>C\u00e1tedra de Enfermedades Infecciosas y VIH\/SIDAMEDICAL CONFERENCE Resumen comentado de las comunicaciones presentadas en los Congresos de la especialidad en forma de texto. Se seleccionar\u00e1n y comentar\u00e1n cr\u00edticamente las comunicaciones m\u00e1s relevantes sobre terapias de acci\u00f3n prolongada en personas con VIH, se contextualizar\u00e1n los resultados y sus posibles implicaciones.\u00a0 El pasado lunes 24 de noviembre, [&hellip;]<\/p>\n","protected":false},"author":2903,"featured_media":0,"parent":40,"menu_order":5,"comment_status":"closed","ping_status":"closed","template":"","meta":{"_et_pb_use_builder":"on","_et_pb_old_content":"<p>Resumen comentado de las comunicaciones presentadas en los Congresos de la especialidad en forma de texto. Se seleccionar\u00e1n y comentar\u00e1n cr\u00edticamente las comunicaciones m\u00e1s relevantes sobre terapias de acci\u00f3n prolongada en personas con VIH, se contextualizar\u00e1n los resultados y sus posibles implicaciones. Se har\u00e1n 4 res\u00famenes comentados anuales.<\/p><ul><li><a href=\"https:\/\/catedraenfermedadesinfecciosas.umh.es\/acciones-de-la-catedra\/long-acting\/medical-conferences-feed-back\/croi-2024\/\">Conference on Retrovirus and Opportunistic Infections (CROI) 2024<\/a><ul><li>Comentado por Sergio Padilla. Fecha de publicaci\u00f3n 19 Marzo 2024<\/li><\/ul><\/li><\/ul>","_et_gb_content_width":"","_links_to":"","_links_to_target":""},"_links":{"self":[{"href":"https:\/\/catedraenfermedadesinfecciosas.umh.es\/ca\/wp-json\/wp\/v2\/pages\/55"}],"collection":[{"href":"https:\/\/catedraenfermedadesinfecciosas.umh.es\/ca\/wp-json\/wp\/v2\/pages"}],"about":[{"href":"https:\/\/catedraenfermedadesinfecciosas.umh.es\/ca\/wp-json\/wp\/v2\/types\/page"}],"author":[{"embeddable":true,"href":"https:\/\/catedraenfermedadesinfecciosas.umh.es\/ca\/wp-json\/wp\/v2\/users\/2903"}],"replies":[{"embeddable":true,"href":"https:\/\/catedraenfermedadesinfecciosas.umh.es\/ca\/wp-json\/wp\/v2\/comments?post=55"}],"version-history":[{"count":0,"href":"https:\/\/catedraenfermedadesinfecciosas.umh.es\/ca\/wp-json\/wp\/v2\/pages\/55\/revisions"}],"up":[{"embeddable":true,"href":"https:\/\/catedraenfermedadesinfecciosas.umh.es\/ca\/wp-json\/wp\/v2\/pages\/40"}],"wp:attachment":[{"href":"https:\/\/catedraenfermedadesinfecciosas.umh.es\/ca\/wp-json\/wp\/v2\/media?parent=55"}],"curies":[{"name":"wp","href":"https:\/\/api.w.org\/{rel}","templated":true}]}}