{"id":421,"date":"2024-04-16T15:05:41","date_gmt":"2024-04-16T13:05:41","guid":{"rendered":"https:\/\/catedraenfermedadesinfecciosas.umh.es\/?page_id=421"},"modified":"2025-11-11T12:17:53","modified_gmt":"2025-11-11T11:17:53","slug":"comentarios-de-la-literatura-cientifica-en-enfermedades-infecciosas","status":"publish","type":"page","link":"https:\/\/catedraenfermedadesinfecciosas.umh.es\/ca\/acciones-de-la-catedra\/comentarios-de-la-literatura-cientifica-en-enfermedades-infecciosas\/","title":{"rendered":"Comentarios a la literatura cient\u00edfica en Enfermedades Infecciosas"},"content":{"rendered":"<p>[et_pb_section fb_built=&#8221;1&#8243; _builder_version=&#8221;4.17.4&#8243; _module_preset=&#8221;default&#8221; background_image=&#8221;https:\/\/catedraenfermedadesinfecciosas.umh.es\/files\/2024\/04\/virus3.png&#8221; global_colors_info=&#8221;{}&#8221;][et_pb_row _builder_version=&#8221;4.17.4&#8243; _module_preset=&#8221;default&#8221; global_colors_info=&#8221;{}&#8221;][et_pb_column type=&#8221;4_4&#8243; _builder_version=&#8221;4.17.4&#8243; _module_preset=&#8221;default&#8221; global_colors_info=&#8221;{}&#8221;][et_pb_text _builder_version=&#8221;4.17.4&#8243; _module_preset=&#8221;default&#8221; text_font=&#8221;|700|||||||&#8221; text_text_color=&#8221;#FFFFFF&#8221; text_font_size=&#8221;42px&#8221; text_text_shadow_style=&#8221;preset5&#8243; text_text_shadow_blur_strength=&#8221;1.46em&#8221; text_text_shadow_color=&#8221;#000000&#8243; global_colors_info=&#8221;{}&#8221;]<\/p>\n<p style=\"text-align: center\">C\u00e1tedra de Enfermedades Infecciosas y<\/p>\n<p style=\"text-align: center\">VIH\/SIDA<\/p>\n<p>[\/et_pb_text][\/et_pb_column][\/et_pb_row][\/et_pb_section][et_pb_section fb_built=&#8221;1&#8243; _builder_version=&#8221;4.17.4&#8243; _module_preset=&#8221;default&#8221; global_colors_info=&#8221;{}&#8221;][et_pb_row _builder_version=&#8221;4.17.4&#8243; _module_preset=&#8221;default&#8221; width=&#8221;100%&#8221; custom_margin=&#8221;|auto||122px||&#8221; global_colors_info=&#8221;{}&#8221;][et_pb_column type=&#8221;4_4&#8243; _builder_version=&#8221;4.17.4&#8243; _module_preset=&#8221;default&#8221; global_colors_info=&#8221;{}&#8221;][et_pb_text _builder_version=&#8221;4.17.4&#8243; _module_preset=&#8221;default&#8221; text_text_color=&#8221;#000000&#8243; hover_enabled=&#8221;0&#8243; global_colors_info=&#8221;{}&#8221; sticky_enabled=&#8221;0&#8243;]<\/p>\n<h1 style=\"text-align: center\"><strong><span style=\"font-family: Adamina\">\u00a0 Comentarios a la literatura en Enfermedades Infecciosas<\/span><\/strong><\/h1>\n<h5 style=\"text-align: justify\"><\/h5>\n<h5 style=\"text-align: justify\"><\/h5>\n<h4 style=\"text-align: center\"><span style=\"color: #000000\">En esta secci\u00f3n se publican comentarios\u00a0 de art\u00edculos presentados en las sesiones bibliogr\u00e1ficas de Enfermedades Infecciosas<\/span><\/h4>\n<h4 style=\"text-align: center\"><span style=\"color: #000000\"> del Hospital General Universitario de Elche.\u00a0<\/span><\/h4>\n<p><span style=\"color: #000000\"><\/span><\/p>\n<p><span style=\"color: #000000\"><\/span><\/p>\n<h4><\/h4>\n<p><span style=\"color: #000000\"><\/span><\/p>\n<p><span style=\"color: #000000\"><\/span><\/p>\n<blockquote>\n<h4><span style=\"text-decoration: underline\"><em>Octubre 2025<\/em><\/span><\/h4>\n<\/blockquote>\n<ul>\n<li><a href=\"https:\/\/catedraenfermedadesinfecciosas.umh.es\/sesion-bibliografica-del-viernes-24-de-octubre-de-2025\/\"><strong>24 oct 25.Comparaci\u00f3n del riesgo de secuelas post-COVID-19 entre la variante \u00d3micron y variantes previas del SARS-CoV-2. <\/strong><strong> Marcadores no invasivos de esteatosis y fibrosis hep\u00e1tica tras el inicio de inhibidores de la integrasa en mujeres con VIH.<\/strong><\/a><\/li>\n<\/ul>\n<p><span style=\"color: #000000\"><\/span><\/p>\n<p><span style=\"color: #000000\">\u00a0<\/span><\/p>\n<blockquote>\n<h4><em>Septiembre 2025<\/em><\/h4>\n<p><em><\/em><\/p>\n<p><em><\/em><\/p>\n<p><em><\/em><\/p>\n<\/blockquote>\n<ul>\n<li><a href=\"https:\/\/catedraenfermedadesinfecciosas.umh.es\/sesion-bibliografica-26-de-mayo-2025\/\"><strong>26 sep 25. Enfermedad de Whipple: Tratamiento oral con doxicilina e hidroxicloroquina VS tratamiento intravenoso con ceftriaxona. Eficacia y seguridad de Sipavibart en la prevenci\u00f3n de COVID19 en individuos inmunodeprimidos.<\/strong><\/a><\/li>\n<\/ul>\n<p>&nbsp;<\/p>\n<h4><em>Mayo 2025<\/em><\/h4>\n<blockquote><\/blockquote>\n<ul>\n<li><strong><a href=\"https:\/\/catedraenfermedadesinfecciosas.umh.es\/sesion-bibliografica-23-de-mayo-2025\/\">23 may 25 . Azitromicina vs. Doxiciclina\u00a0 como tratamiento para Neumonia Comunitaria. Riesgo de C\u00e1ncer en pacientes con VIH y supresi\u00f3n mantenida.<\/a><\/strong><\/li>\n<li><strong><a href=\"https:\/\/catedraenfermedadesinfecciosas.umh.es\/sesion-bibliografica-23-de-mayo-2025\/\">23 may 25 . Azitromicina vs. Doxiciclina\u00a0 como tratamiento para Neumonia Comunitaria. Riesgo de C\u00e1ncer en pacientes con VIH y supresi\u00f3n mantenida.<\/a><\/strong><\/li>\n<li><a href=\"https:\/\/catedraenfermedadesinfecciosas.umh.es\/sesion-bibliografica-16-de-mayo-2025\/\"><strong>16 may 25. Vacuna de part\u00edculas similares al virus del virus Chikungunya. Gepotidacina oral para el tratamiento de la gonorrea urogenital no complicada (EAGLE-1).<\/strong><\/a><\/li>\n<li><span style=\"color: #0a74ad\"><a style=\"color: #0a74ad\" href=\"https:\/\/catedraenfermedadesinfecciosas.umh.es\/sesion-bibliografica-02-de-mayo-2025\/\"><strong>02 may 25. Eficacia del tratamiento con Baloxavir. Incidencia del Tifus del arbusto en las zonas rurales del sur de la India. Tecovirimat para la infecci\u00f3n por Monkeypox Clade I en Rep. Dem. Del Congo.\u00a0\u00a0<\/strong><\/a><\/span><\/li>\n<\/ul>\n<p>&nbsp;<\/p>\n<p>&nbsp;<\/p>\n<blockquote>\n<h4><em>Abril 2025<\/em><\/h4>\n<\/blockquote>\n<ul>\n<li><a href=\"https:\/\/catedraenfermedadesinfecciosas.umh.es\/conference-on-retroviruses-and-opportunistic-infections-2025-croi\/\"><strong>11 abr 25. Conference on Retroviruses and Opportunistic Infections 2025 (CROI).\u00a0 \u00a0<\/strong><\/a><\/li>\n<\/ul>\n<p><img loading=\"lazy\" class=\"wp-image-3208 alignnone size-medium\" src=\"https:\/\/catedraenfermedadesinfecciosas.umh.es\/files\/2025\/04\/CROI-2025-300x60.png\" alt=\"\" width=\"300\" height=\"60\" \/><\/p>\n<p>&nbsp;<\/p>\n<p>&nbsp;<\/p>\n<blockquote>\n<h4><em>Marzo 2025<\/em> <span style=\"font-size: 14px;color: #000000\">\u00a0<\/span><\/h4>\n<\/blockquote>\n<ul>\n<li><strong><a href=\"https:\/\/catedraenfermedadesinfecciosas.umh.es\/sesion-bibliografica-de-28-de-marzo-2025\/\">28 mar 25. NEJM (Tratamiento en pareja para prevenir la recurrencia de la vaginosis bacteriana).<\/a><\/strong><\/li>\n<\/ul>\n<p>&nbsp;<\/p>\n<p>&nbsp;<\/p>\n<blockquote>\n<h4><em>Febrero 2025<\/em><span style=\"font-size: 14px;color: #000000\">\u00a0<\/span><\/h4>\n<\/blockquote>\n<ul>\n<li><a href=\"https:\/\/catedraenfermedadesinfecciosas.umh.es\/sesion-bibliografica-28-febrero-2025\/\"><strong>28 feb 25. Lancet. JAMA (Estudio MELODY) (Vacuna HepB-CpG vs. HepB-Alum en personas con VIH y falta de respuesta previa a la vacuna. El ensayo cl\u00ednico aleatorizado BEe-HIVe).<\/strong><\/a><\/li>\n<li><a href=\"https:\/\/catedraenfermedadesinfecciosas.umh.es\/sesion-bibliografica-21-de-febrero-2025\/\"><strong>21 feb 25. CID (Desescalada de antibi\u00f3ticos en sospecha de sepsis) (Tratamiento antirretroviral y cambios en la presi\u00f3n arterial).<\/strong><\/a><\/li>\n<li><a href=\"https:\/\/catedraenfermedadesinfecciosas.umh.es\/sesion-bibliografica-14-de-febrero-2025\/\"><strong>14 feb 25. NEJM (Reg\u00edmenes orales para tuberculosis rifampicina-resistente susceptible a fluorquinolonas) (Xalnesiran con o sin inmunomodulador en hepatitis B cr\u00f3nica.<\/strong><\/a><\/li>\n<li><strong><a href=\"https:\/\/catedraenfermedadesinfecciosas.umh.es\/sesion-bibliografica-07-de-febrero-2025\/\">07 feb 25.\u00a0 Journal Infection (Eficacia y seguridad de las combinaciones basadas en penicilina antiestafiloc\u00f3cica o cefazolina frente a monoterapia para la endocarditis infecciosa por Staphylococcus aureus sensible a meticilina).<\/a><\/strong><\/li>\n<\/ul>\n<blockquote>\n<h4><em>Enero 2025<\/em><span style=\"font-size: 14px;color: #000000\">\u00a0<\/span><\/h4>\n<p>&nbsp;<\/p>\n<\/blockquote>\n<ul>\n<li><a href=\"https:\/\/catedraenfermedadesinfecciosas.umh.es\/borrador-automatico\/\"><strong>31 ener 25. Lancet ID (Efecto del Molnupiravir en fase aguda y Long COVID-19. Remdesivir y nirmatrelvir-ritonavir en comparaci\u00f3n con monoterapia en<br \/>adultos hospitalizados con COVID-19.<\/strong><\/a><\/li>\n<li><a href=\"https:\/\/catedraenfermedadesinfecciosas.umh.es\/sesion-bibliografica-17-de-enero-2025\/\"><strong>17 ener 25. CID (Posible mejor respuesta serol\u00f3gica con la biterapia en la s\u00edfilis precoz; Mayor exactitud en la predicci\u00f3n de la infecci\u00f3n por C. Difficile).<\/strong><\/a><\/li>\n<li><a href=\"https:\/\/catedraenfermedadesinfecciosas.umh.es\/sesion-bibliografica-enero-2025\/\"><strong>10 ene 25. NEJM (Pautas de 7 dias en la bacteriemia; Descripcion clinica de los casos de gripe aviar H5N1 en humanos).<\/strong><\/a><\/li>\n<\/ul>\n<p>&nbsp;<\/p>\n<blockquote>\n<h4><em>Diciembre 2024\u00a0<\/em><\/h4>\n<\/blockquote>\n<ul>\n<li><a href=\"https:\/\/catedraenfermedadesinfecciosas.umh.es\/sesion-bibliografica-diciembre-2024\/\"><strong>13 dec 2024<\/strong>. <strong>CID (Uso de remdesivir en la insuficiencia renal; fenotipos cl\u00ednicos en la bacteriemia por s. aureus).<\/strong><\/a><\/li>\n<\/ul>\n<blockquote>\n<h4><em>Noviembre 2024\u00a0 <\/em><span style=\"font-size: 14px;color: #000000\">\u00a0<\/span><\/h4>\n<\/blockquote>\n<ul>\n<li><strong><a href=\"https:\/\/catedraenfermedadesinfecciosas.umh.es\/sesion-bibliografica-29-noviembre-2024\/\">29 nov 24. (CIM) PCR digital en mas sensible en el diagnostico de TB pleural; Tiempo de positividad de hemocultivos y mortalidad en bacteriemia; Estudio etiol\u00f3gico en cuadros de tos aguda.<\/a><\/strong><\/li>\n<li><strong><a href=\"https:\/\/catedraenfermedadesinfecciosas.umh.es\/sesion-bibliografica-22-noviembre-2024\/\">22 nov 24. (JAMA) Pron\u00f3stico a largo plazo de la miocarditis por COVID19 o su vacuna; Vacunaci\u00f3n de gripe y COVID19 \u00bfsecuencial o simult\u00e1nea?<\/a><\/strong><\/li>\n<li><strong><a href=\"https:\/\/catedraenfermedadesinfecciosas.umh.es\/sesion-bibliografica-15-noviembre-2024\/\">15 nov 24. (CID) Interconsulta a EI disminuye mortalidad en bacteriemia por BGNs; PROA y prevencion de resistencias; Cribado de TB.<\/a><\/strong><\/li>\n<li><a href=\"https:\/\/catedraenfermedadesinfecciosas.umh.es\/sesion-bibliografica-08-noviembre-de-2024\/\"><strong>08 nov 24. (The Journal ID) Cin\u00e9tica de la replicaci\u00f3n del virus de la hepatitis B en personas con VIH .<\/strong><\/a><\/li>\n<\/ul>\n<blockquote>\n<h4><em>Octubre 2024\u00a0 <\/em><span style=\"font-size: 14px;color: #000000\">\u00a0<\/span><span style=\"font-size: 14px;color: #000000\">\u00a0<\/span><\/h4>\n<\/blockquote>\n<ul>\n<li><a href=\"https:\/\/catedraenfermedadesinfecciosas.umh.es\/sesion-bibliografica-25-octubre-2024\/\"><strong>25 oct 24. (Lancet journals) FR de cancer anal en VIH; RCT vacuna Lyme.<\/strong><\/a><\/li>\n<li><a href=\"https:\/\/catedraenfermedadesinfecciosas.umh.es\/sesion-bibliografica-18-octubre-de-2024\/\"><strong>18 oct 24.(Lancet ID) Vacuna antigripal nasal; Trasplante renal de donante con VIH; RCT en TB Resistente<\/strong><\/a>.<\/li>\n<li><a title=\"Sesi\u00f3n bibliogr\u00e1fica 11 de octubre de 2024\" href=\"https:\/\/catedraenfermedadesinfecciosas.umh.es\/sesion-bibliografica-viernes-11-de-octubre-de-2024\/\"><strong>11 oct 24. (Lancet ID) Doxyvac study; Nirmaltrevir\/rit y mortalidad y secuelas en COVID-19.<\/strong><\/a><\/li>\n<li><a title=\"(CID) Pruebas de imagen en bacteriemia por S. Aureus y PCR para neumon\u00eda por pneumocystis\" href=\"https:\/\/catedraenfermedadesinfecciosas.umh.es\/sesion-bibliografica-04-octubre-2024-2\/\"><strong>04\u00a0 oct 24.(The Lancet M.) No nuevas infecciones con lenacapavir semestral en mujeres; Riesgo diferencial de reacciones cutaneas adversas asociadas con los antibioticos.<\/strong><\/a><\/li>\n<\/ul>\n<p>&nbsp;<\/p>\n<p>&nbsp;<\/p>\n<blockquote>\n<h4><em>Septiembre 2024 <\/em><\/h4>\n<\/blockquote>\n<h4><\/h4>\n<ul>\n<li><a style=\"font-size: 14px\" href=\"https:\/\/catedraenfermedadesinfecciosas.umh.es\/sesion-bibliografica-27-de-septiembre-de-2024\/\"><strong>27 sep 24. (CID) Ridinilazol para CD; Remdesivir en ingresados por COVID19.<\/strong><\/a><\/li>\n<li><strong><a href=\"https:\/\/catedraenfermedadesinfecciosas.umh.es\/sesion-bibliografica-20-de-septiembre-de-2024\/\">20 sept 24. (CID) Criterios endocarditis estreptococica; Otitis asociada a meningitis bacteriana; Metformina y COVID19.<\/a><\/strong><\/li>\n<li style=\"list-style-type: none\"><\/li>\n<\/ul>\n<p>&nbsp;<\/p>\n<p>&nbsp;<\/p>\n<blockquote>\n<h4><em>Julio 2024\u00a0\u00a0<\/em><\/h4>\n<\/blockquote>\n<ul>\n<li><a title=\"(CID) Pruebas de imagen en bacteriemia por S. Aureus y PCR para neumon\u00eda por pneumocystis\" href=\"https:\/\/catedraenfermedadesinfecciosas.umh.es\/sesion-bibliografica-03-de-mayo-de-2024\/\"><strong> 26 jul 24. (CID) Pruebas de imagen en bacteriemia por S. Aureus y PCR para neumon\u00eda por pneumocystis.<\/strong><\/a><\/li>\n<\/ul>\n<blockquote>\n<h4><em><span style=\"font-family: inherit;font-weight: normal\">Junio 2024<\/span><\/em><\/h4>\n<\/blockquote>\n<ul>\n<li><a href=\"https:\/\/catedraenfermedadesinfecciosas.umh.es\/sesion-bibliografica-28-de-junio-2024\/\"><strong>28 jun 24. (CID)Carga bacteriana en LCR; Procalcitonina en PROA respiratorio (RCT).<\/strong><\/a><\/li>\n<li><strong><a href=\"https:\/\/catedraenfermedadesinfecciosas.umh.es\/sesion-bibliografica-del-21-de-junio-de-2024\/\">21 jun 24. (CID) La infecci\u00f3n persistente del torrente sangu\u00edneo por gramnegativos. Factores virales y del hu\u00e9sped se asocian con la mortalidad en pacientes hospitalizados con COVID-19.<\/a><\/strong><\/li>\n<li><a href=\"https:\/\/catedraenfermedadesinfecciosas.umh.es\/sesion-bibliografica-14-de-junio-de-2024\/\"><strong>14 jun 24. (Lancet ID) Estudio SABATO sobre bacteriemias por S. Aureus y riesgo de muerte por virus Chikungunya.<\/strong><\/a><\/li>\n<li><a href=\"https:\/\/catedraenfermedadesinfecciosas.umh.es\/acciones-de-la-catedra\/comentarios-de-la-literatura-cientifica-en-enfermedades-infecciosas\/sesion-bibliografica-07-de-junio-por-alejandra-martinez-ortega\/\"><strong>07 jun 24. (JI) Incidencia poblacional y mortalidad asociada de la infecci\u00f3n urinaria en personas con demencia<\/strong>..<\/a><\/li>\n<\/ul>\n<p><a href=\"https:\/\/catedraenfermedadesinfecciosas.umh.es\/acciones-de-la-catedra\/comentarios-de-la-literatura-cientifica-en-enfermedades-infecciosas\/sesion-bibliografica-07-de-junio-por-alejandra-martinez-ortega\/\">\u00a0<\/a><\/p>\n<p>&nbsp;<\/p>\n<blockquote>\n<h4>\u00a0<em>Mayo 2024<\/em><\/h4>\n<\/blockquote>\n<ul>\n<li><strong><a href=\"https:\/\/catedraenfermedadesinfecciosas.umh.es\/acciones-de-la-catedra\/comentarios-de-la-literatura-cientifica-en-enfermedades-infecciosas\/sesion-bibliografica-24-de-mayo-por-ana-ma-ibarra\/\">24 may 24\u00a0 (N Engl J Med )Administraci\u00f3n subcut\u00e1nea de un anticuerpo monoclonal para prevenir la malaria.<\/a><\/strong><\/li>\n<li><strong><a title=\"17 may 24 A. Botella (Lancet Respiratory) Tratamiento antibi\u00f3tico individualizado de corta duraci\u00f3n frente al tratamiento habitual de larga duraci\u00f3n para la neumon\u00eda asociada a la ventilaci\u00f3n mec\u00e1nica (REGARD-VAP).\" href=\"https:\/\/catedraenfermedadesinfecciosas.umh.es\/acciones-de-la-catedra\/comentarios-de-la-literatura-cientifica-en-enfermedades-infecciosas\/sesion-bibliografica-17-de-mayo-por-angela-botella\/\" target=\"_blank\" rel=\"noopener\">17 may 24\u00a0 (Lancet Respiratory) Tratamiento antibi\u00f3tico individualizado de corta duraci\u00f3n frente al tratamiento habitual de larga duraci\u00f3n para la neumon\u00eda asociada a la ventilaci\u00f3n mec\u00e1nica (REGARD-VAP).<\/a><\/strong><\/li>\n<li><strong><a href=\"https:\/\/catedraenfermedadesinfecciosas.umh.es\/acciones-de-la-catedra\/comentarios-de-la-literatura-cientifica-en-enfermedades-infecciosas\/sesion-bibliografica-10-de-mayo-por-javier-garcia-abellan\/\">10 may 24. (CID): Cribado VHC, Duloxetina en la neuralgia postherp\u00e9tica, cognici\u00f3n tras COVID19 o otras gripe o VRS.<\/a><\/strong><\/li>\n<\/ul>\n<ul>\n<li><strong><a title=\"03 may 24-G. Telenti (CID): Diagn\u00f3stico inapropiado de neumon\u00eda, umbral oxigenoterapia en COVID y PREP en mujeres cisgenero.\" href=\"https:\/\/catedraenfermedadesinfecciosas.umh.es\/acciones-de-la-catedra\/comentarios-de-la-literatura-cientifica-en-enfermedades-infecciosas\/borrador-automatico\/\" target=\"_blank\" rel=\"noopener\">03 may 24. (CID): Diagn\u00f3stico inapropiado de neumon\u00eda, umbral oxigenoterapia en COVID y PREP en mujeres cisgenero.<\/a><\/strong><\/li>\n<\/ul>\n<blockquote>\n<h4><em>Abril 2024<\/em><\/h4>\n<\/blockquote>\n<p>&nbsp;<\/p>\n<ul>\n<li><strong><a title=\"26 abr 24-M. Espinosa (Lancet ID): Desescalada oral en bacteriemia por S.aureus, vacuna dengue tetravalente, diferentes dosis de benznidazol en Chagas \" href=\"https:\/\/catedraenfermedadesinfecciosas.umh.es\/acciones-de-la-catedra\/comentarios-de-la-literatura-cientifica-en-enfermedades-infecciosas\/sesion-bibliografica-26-de-abril-por-maria-espinosa\/\" target=\"_blank\" rel=\"noopener\">26 abr 24. (Lancet ID): Desescalada oral en bacteriemia por S.aureus, vacuna dengue tetravalente, diferentes dosis de benznidazol en Chagas<\/a>.<\/strong><\/li>\n<li><strong><a title=\"19 abr 24-E. Morcillo (NEJM, The Lancet): Nirmaltervir en no hospitalizados con COVID19,  vacuna de VHE y deterioro cognitivo tras COVID19.\" href=\"https:\/\/catedraenfermedadesinfecciosas.umh.es\/acciones-de-la-catedra\/comentarios-de-la-literatura-cientifica-en-enfermedades-infecciosas\/https-catedraenfermedadesinfecciosas-umh-es-files-2024-04-sesion-biliografica-19-abril-2024-pdf\/\" target=\"_blank\" rel=\"noopener\">19 abr 24. (NEJM, The Lancet): Nirmaltervir en no hospitalizados con COVID19, vacuna de VHE y deterioro cognitivo tras COVID19.<\/a><\/strong><\/li>\n<li><strong><a title=\"12 abril 24-P. Mascarell (Lancet Microbe): qPCR para TB, PET-CT en contactos de TB y eliminaci\u00f3n de SARS-CoV-2 en inmunosuprimidos.\" href=\"https:\/\/catedraenfermedadesinfecciosas.umh.es\/acciones-de-la-catedra\/comentarios-de-la-literatura-cientifica-en-enfermedades-infecciosas\/https-catedraenfermedadesinfecciosas-umh-es-files-2024-05-sesion-bibliografica-12-de-abril-2024-pdf\/\" target=\"_blank\" rel=\"noopener\">12 abril 24. (Lancet Microbe): qPCR para TB, PET-CT en contactos de TB y eliminaci\u00f3n de SARS-CoV-2 en inmunosuprimidos.<\/a><\/strong><\/li>\n<li><strong><a title=\"05 abril 24-N. Ena (CID): Bacteriemia y mortalidad, Nuevos criterios Duke, falsos positivos test VIH.\" href=\"https:\/\/catedraenfermedadesinfecciosas.umh.es\/acciones-de-la-catedra\/comentarios-de-la-literatura-cientifica-en-enfermedades-infecciosas\/sesion-bibliografica-05-abril-por-nuria-ena\/\" target=\"_blank\" rel=\"noopener\">05 abril 24. (CID): Bacteriemia y mortalidad, Nuevos criterios Duke, falsos positivos test VIH.<\/a><\/strong><\/li>\n<\/ul>\n<p>[\/et_pb_text][\/et_pb_column][\/et_pb_row][\/et_pb_section][et_pb_section fb_built=&#8221;1&#8243; admin_label=&#8221;Secci\u00f3n&#8221; _builder_version=&#8221;4.17.4&#8243; global_colors_info=&#8221;{}&#8221;][et_pb_row admin_label=&#8221;Fila&#8221; _builder_version=&#8221;4.17.4&#8243; background_size=&#8221;initial&#8221; background_position=&#8221;top_left&#8221; background_repeat=&#8221;repeat&#8221; global_colors_info=&#8221;{}&#8221;][et_pb_column type=&#8221;4_4&#8243; _builder_version=&#8221;4.16&#8243; custom_padding=&#8221;|||&#8221; global_colors_info=&#8221;{}&#8221; custom_padding__hover=&#8221;|||&#8221;][et_pb_text _builder_version=&#8221;4.17.4&#8243; background_size=&#8221;initial&#8221; background_position=&#8221;top_left&#8221; background_repeat=&#8221;repeat&#8221; global_colors_info=&#8221;{}&#8221;]<\/p>\n<p>&nbsp;<\/p>\n<p>&nbsp;<\/p>\n<p>[\/et_pb_text][\/et_pb_column][\/et_pb_row][\/et_pb_section][et_pb_section fb_built=&#8221;1&#8243; disabled_on=&#8221;on|on|on&#8221; _builder_version=&#8221;4.17.4&#8243; _module_preset=&#8221;default&#8221; disabled=&#8221;on&#8221; global_colors_info=&#8221;{}&#8221;][et_pb_row _builder_version=&#8221;4.17.4&#8243; _module_preset=&#8221;default&#8221; global_colors_info=&#8221;{}&#8221;][et_pb_column type=&#8221;4_4&#8243; _builder_version=&#8221;4.17.4&#8243; _module_preset=&#8221;default&#8221; global_colors_info=&#8221;{}&#8221;][:es _i=&#8221;0&#8243; _address=&#8221;3.0.0.0&#8243; theme_builder_area=&#8221;post_content&#8221; \/][: _i=&#8221;1&#8243; _address=&#8221;3.0.0.1&#8243; theme_builder_area=&#8221;post_content&#8221; \/][\/et_pb_column][\/et_pb_row][\/et_pb_section]<\/p>\n","protected":false},"excerpt":{"rendered":"<p>C\u00e1tedra de Enfermedades Infecciosas y VIH\/SIDA\u00a0 Comentarios a la literatura en Enfermedades Infecciosas En esta secci\u00f3n se publican comentarios\u00a0 de art\u00edculos presentados en las sesiones bibliogr\u00e1ficas de Enfermedades Infecciosas del Hospital General Universitario de Elche.\u00a0 Octubre 2025 24 oct 25.Comparaci\u00f3n del riesgo de secuelas post-COVID-19 entre la variante \u00d3micron y variantes previas del SARS-CoV-2. Marcadores [&hellip;]<\/p>\n","protected":false},"author":26230,"featured_media":0,"parent":31,"menu_order":0,"comment_status":"open","ping_status":"closed","template":"","meta":{"_et_pb_use_builder":"on","_et_pb_old_content":"<p><a href=\"https:\/\/catedraenfermedadesinfecciosas.umh.es\/congresos-cursos-y-reuniones-cientificas\/comentarios-de-la-literatura-cientifica-en-enfermedades-infecciosas\/sesion-bibliografica-05-abril-por-nuria-ena\/\">Sesi\u00f3n bibliogr\u00e1fica en Enfermedades Infecciosas, viernes 05 de abril de 2024<\/a><\/p><p>\u00a0<\/p><p>\u00a0<\/p>","_et_gb_content_width":"","_links_to":"","_links_to_target":""},"_links":{"self":[{"href":"https:\/\/catedraenfermedadesinfecciosas.umh.es\/ca\/wp-json\/wp\/v2\/pages\/421"}],"collection":[{"href":"https:\/\/catedraenfermedadesinfecciosas.umh.es\/ca\/wp-json\/wp\/v2\/pages"}],"about":[{"href":"https:\/\/catedraenfermedadesinfecciosas.umh.es\/ca\/wp-json\/wp\/v2\/types\/page"}],"author":[{"embeddable":true,"href":"https:\/\/catedraenfermedadesinfecciosas.umh.es\/ca\/wp-json\/wp\/v2\/users\/26230"}],"replies":[{"embeddable":true,"href":"https:\/\/catedraenfermedadesinfecciosas.umh.es\/ca\/wp-json\/wp\/v2\/comments?post=421"}],"version-history":[{"count":0,"href":"https:\/\/catedraenfermedadesinfecciosas.umh.es\/ca\/wp-json\/wp\/v2\/pages\/421\/revisions"}],"up":[{"embeddable":true,"href":"https:\/\/catedraenfermedadesinfecciosas.umh.es\/ca\/wp-json\/wp\/v2\/pages\/31"}],"wp:attachment":[{"href":"https:\/\/catedraenfermedadesinfecciosas.umh.es\/ca\/wp-json\/wp\/v2\/media?parent=421"}],"curies":[{"name":"wp","href":"https:\/\/api.w.org\/{rel}","templated":true}]}}