{"id":21,"date":"2023-10-20T09:25:27","date_gmt":"2023-10-20T07:25:27","guid":{"rendered":"https:\/\/catedraenfermedadesinfecciosas.zeus.umh.es\/?page_id=21"},"modified":"2025-11-28T10:48:34","modified_gmt":"2025-11-28T09:48:34","slug":"home","status":"publish","type":"page","link":"https:\/\/catedraenfermedadesinfecciosas.umh.es\/ca\/","title":{"rendered":"Home"},"content":{"rendered":"<p>[et_pb_section fb_built=&#8221;1&#8243; inner_shadow=&#8221;on&#8221; disabled_on=&#8221;on|off|off&#8221; _builder_version=&#8221;4.17.4&#8243; _module_preset=&#8221;default&#8221; background_enable_image=&#8221;off&#8221; background_size=&#8221;stretch&#8221; background_video_mp4=&#8221;https:\/\/catedraenfermedadesinfecciosas.umh.es\/files\/2024\/10\/k-1940-x-471-px-3.mp4&#8243; width=&#8221;100%&#8221; min_height=&#8221;125.8px&#8221; height=&#8221;268px&#8221; max_height=&#8221;1000px&#8221; custom_margin=&#8221;||-7px|||&#8221; custom_padding=&#8221;46px||116px|||&#8221; global_colors_info=&#8221;{}&#8221;][et_pb_row _builder_version=&#8221;4.17.4&#8243; _module_preset=&#8221;default&#8221; global_colors_info=&#8221;{}&#8221;][et_pb_column type=&#8221;4_4&#8243; _builder_version=&#8221;4.17.4&#8243; _module_preset=&#8221;default&#8221; global_colors_info=&#8221;{}&#8221;][et_pb_text _builder_version=&#8221;4.17.4&#8243; _module_preset=&#8221;default&#8221; text_font=&#8221;|700|||||||&#8221; text_text_color=&#8221;#FFFFFF&#8221; text_font_size=&#8221;48px&#8221; header_font_size=&#8221;48px&#8221; text_text_shadow_style=&#8221;preset5&#8243; text_text_shadow_blur_strength=&#8221;1.46em&#8221; text_text_shadow_color=&#8221;#000000&#8243; global_colors_info=&#8221;{}&#8221;]<\/p>\n<p style=\"text-align: center\">C\u00e1tedra de Enfermedades Infecciosas &amp;<\/p>\n<p style=\"text-align: center\">VIH\/SIDA<\/p>\n<p>[\/et_pb_text][\/et_pb_column][\/et_pb_row][\/et_pb_section][et_pb_section fb_built=&#8221;1&#8243; _builder_version=&#8221;4.17.4&#8243; background_color=&#8221;rgba(252,238,229,0.18)&#8221; global_colors_info=&#8221;{}&#8221;][et_pb_row _builder_version=&#8221;4.16&#8243; background_size=&#8221;initial&#8221; background_position=&#8221;top_left&#8221; background_repeat=&#8221;repeat&#8221; global_colors_info=&#8221;{}&#8221;][et_pb_column type=&#8221;4_4&#8243; _builder_version=&#8221;4.16&#8243; custom_padding=&#8221;|||&#8221; global_colors_info=&#8221;{}&#8221; custom_padding__hover=&#8221;|||&#8221;][et_pb_text _builder_version=&#8221;4.17.4&#8243; text_text_color=&#8221;#000000&#8243; text_font_size=&#8221;16px&#8221; background_size=&#8221;initial&#8221; background_position=&#8221;top_left&#8221; background_repeat=&#8221;repeat&#8221; global_colors_info=&#8221;{}&#8221;]<\/p>\n<p style=\"text-align: justify\">La C\u00e1tedra de enfermedades infecciosas y VIH\/SIDA tiene como misi\u00f3n potenciar la generaci\u00f3n y transferencia de conocimiento en el \u00e1mbito de las enfermedades infecciosas y la infecci\u00f3n por el VIH\/SIDA y su difusi\u00f3n, fomentando las correspondientes actividades de investigaci\u00f3n, formaci\u00f3n y divulgaci\u00f3n dirigidas a profesionales, investigadores, estudiantes y otros grupos de inter\u00e9s.<\/p>\n<p style=\"text-align: justify\">Los objetivos espec\u00edficos de la C\u00e1tedra son los siguientes:<br \/><strong>a)<\/strong> Contribuir a la generaci\u00f3n de conocimiento cient\u00edfico en los campos de la prevenci\u00f3n, el diagn\u00f3stico y el tratamiento de las enfermedades infecciosas y el VIH\/sida, as\u00ed como la difusi\u00f3n de sus resultados.<\/p>\n<p style=\"text-align: justify\"><strong>b)<\/strong> Fomentar la actualizaci\u00f3n y transferencia del conocimiento mediante la promoci\u00f3n de grupos de trabajo y de actividades orientadas a favorecer la incorporaci\u00f3n de los conocimientos cient\u00edficos al \u00e1mbito sanitario.<\/p>\n<p style=\"text-align: justify\"><strong>c)<\/strong> Colaborar con los centros sanitarios en la formaci\u00f3n de los profesionales sanitarios, investigadores y estudiantes y divulgar, entre los grupos de inter\u00e9s y el conjunto de la sociedad, la informaci\u00f3n m\u00e1s relevante y los acontecimientos de inter\u00e9s cient\u00edfico, acad\u00e9mico y cultural dentro del \u00e1mbito de las enfermedades infecciosas y del VIH\/sida.<\/p>\n<p>[\/et_pb_text][et_pb_blog fullwidth=&#8221;off&#8221; post_type=&#8221;page&#8221; posts_number=&#8221;3&#8243; excerpt_length=&#8221;70&#8243; show_more=&#8221;on&#8221; show_author=&#8221;off&#8221; show_categories=&#8221;off&#8221; use_overlay=&#8221;on&#8221; masonry_tile_background_color=&#8221;#FFFFFF&#8221; masonry_tile_background_color_tablet=&#8221;#FFFFFF&#8221; masonry_tile_background_color_phone=&#8221;#FFFFFF&#8221; masonry_tile_background_color_last_edited=&#8221;on|desktop&#8221; _builder_version=&#8221;4.17.4&#8243; _module_preset=&#8221;default&#8221; header_font=&#8221;|700|||||||&#8221; body_font=&#8221;|800|||||||&#8221; pagination_text_color=&#8221;#000000&#8243; background_color=&#8221;rgba(0,0,0,0.18)&#8221; background_image=&#8221;https:\/\/catedraenfermedadesinfecciosas.umh.es\/files\/2024\/03\/Imagen-e1711539879434.jpg&#8221; transform_scale=&#8221;92%|92%&#8221; text_orientation=&#8221;center&#8221; custom_margin=&#8221;-6px|-16px|-6px|-6px|false|false&#8221; custom_padding=&#8221;0px|6px|0px|15px|false|false&#8221; animation_style=&#8221;bounce&#8221; link_option_url_new_window=&#8221;on&#8221; hover_enabled=&#8221;0&#8243; border_radii=&#8221;on|33px|33px|33px|33px&#8221; border_width_all=&#8221;10px&#8221; border_color_all=&#8221;#E02B20&#8243; border_style_all=&#8221;inset&#8221; border_radii_image=&#8221;on|2px|2px|2px|2px&#8221; border_width_all_image=&#8221;6px&#8221; border_style_all_image=&#8221;ridge&#8221; global_colors_info=&#8221;{}&#8221; masonry_tile_background_color__hover_enabled=&#8221;on|desktop&#8221; masonry_tile_background_color__hover=&#8221;#FFFFFF&#8221; sticky_enabled=&#8221;0&#8243;][\/et_pb_blog][\/et_pb_column][\/et_pb_row][et_pb_row _builder_version=&#8221;4.17.4&#8243; _module_preset=&#8221;default&#8221; background_color=&#8221;#FFFFFF&#8221; global_colors_info=&#8221;{}&#8221;][et_pb_column type=&#8221;4_4&#8243; _builder_version=&#8221;4.17.4&#8243; _module_preset=&#8221;default&#8221; animation_style=&#8221;bounce&#8221; global_colors_info=&#8221;{}&#8221;][\/et_pb_column][\/et_pb_row][\/et_pb_section]<\/p>\n","protected":false},"excerpt":{"rendered":"<p>C\u00e1tedra de Enfermedades Infecciosas &amp; VIH\/SIDALa C\u00e1tedra de enfermedades infecciosas y VIH\/SIDA tiene como misi\u00f3n potenciar la generaci\u00f3n y transferencia de conocimiento en el \u00e1mbito de las enfermedades infecciosas y la infecci\u00f3n por el VIH\/SIDA y su difusi\u00f3n, fomentando las correspondientes actividades de investigaci\u00f3n, formaci\u00f3n y divulgaci\u00f3n dirigidas a profesionales, investigadores, estudiantes y otros grupos [&hellip;]<\/p>\n","protected":false},"author":90,"featured_media":0,"parent":0,"menu_order":0,"comment_status":"closed","ping_status":"closed","template":"","meta":{"_et_pb_use_builder":"on","_et_pb_old_content":"<p style=\"text-align: justify;\">La C\u00e1tedra tendr\u00e1 como misi\u00f3n potenciar la generaci\u00f3n y transferencia de conocimiento en el \u00e1mbito de las enfermedades infecciosas y la infecci\u00f3n por el VIH\/sida y su difusi\u00f3n, fomentando las correspondientes actividades de investigaci\u00f3n, formaci\u00f3n y divulgaci\u00f3n dirigidas a profesionales, investigadores, estudiantes y otros grupos de inter\u00e9s.<\/p><p style=\"text-align: justify;\">Los objetivos especificas de la C\u00e1tedra ser\u00e1n los siguientes:<br \/>a) Contribuir a la generaci\u00f3n de conocimiento cient\u00edfico en los campos de la prevenci\u00f3n, el diagn\u00f3stico y el tratamiento de las enfermedades infecciosas y el VIH\/sida, as\u00ed como la difusi\u00f3n permanente de sus resultados.<\/p><p style=\"text-align: justify;\">b) Fomentar la actualizaci\u00f3n y transferencia del conocimiento mediante la promoci\u00f3n de grupos de trabajo y de actividades orientadas a favorecer la incorporaci\u00f3n de los conocimientos cient\u00edficos al \u00e1mbito sanitario.<\/p><p style=\"text-align: justify;\">c) Colaborar con los centros sanitarios en la formaci\u00f3n de los profesionales sanitarios, investigadores y estudiantes y divulgar, entre los grupos de inter\u00e9s y el conjunto de la sociedad, la informaci\u00f3n m\u00e1s relevante y los acontecimientos de inter\u00e9s cient\u00edfico, acad\u00e9mico y cultural dentro del \u00e1mbito de las enfermedades infecciosas y del VIH\/sida.<\/p>","_et_gb_content_width":"","_links_to":"","_links_to_target":""},"_links":{"self":[{"href":"https:\/\/catedraenfermedadesinfecciosas.umh.es\/ca\/wp-json\/wp\/v2\/pages\/21"}],"collection":[{"href":"https:\/\/catedraenfermedadesinfecciosas.umh.es\/ca\/wp-json\/wp\/v2\/pages"}],"about":[{"href":"https:\/\/catedraenfermedadesinfecciosas.umh.es\/ca\/wp-json\/wp\/v2\/types\/page"}],"author":[{"embeddable":true,"href":"https:\/\/catedraenfermedadesinfecciosas.umh.es\/ca\/wp-json\/wp\/v2\/users\/90"}],"replies":[{"embeddable":true,"href":"https:\/\/catedraenfermedadesinfecciosas.umh.es\/ca\/wp-json\/wp\/v2\/comments?post=21"}],"version-history":[{"count":0,"href":"https:\/\/catedraenfermedadesinfecciosas.umh.es\/ca\/wp-json\/wp\/v2\/pages\/21\/revisions"}],"wp:attachment":[{"href":"https:\/\/catedraenfermedadesinfecciosas.umh.es\/ca\/wp-json\/wp\/v2\/media?parent=21"}],"curies":[{"name":"wp","href":"https:\/\/api.w.org\/{rel}","templated":true}]}}