{"id":1625,"date":"2024-06-12T17:13:26","date_gmt":"2024-06-12T15:13:26","guid":{"rendered":"https:\/\/catedraenfermedadesinfecciosas.umh.es\/?page_id=1625"},"modified":"2025-11-26T09:52:31","modified_gmt":"2025-11-26T08:52:31","slug":"master-en-enfermedades-infecciosas-y-salud-internacional","status":"publish","type":"page","link":"https:\/\/catedraenfermedadesinfecciosas.umh.es\/ca\/congresos-cursos-y-reuniones-cientificas\/master-en-enfermedades-infecciosas-y-salud-internacional\/","title":{"rendered":"Borrador autom\u00e1tico"},"content":{"rendered":"<p>[et_pb_section fb_built=&#8221;1&#8243; _builder_version=&#8221;4.17.4&#8243; _module_preset=&#8221;default&#8221; global_colors_info=&#8221;{}&#8221;][et_pb_row column_structure=&#8221;2_3,1_3&#8243; _builder_version=&#8221;4.17.4&#8243; _module_preset=&#8221;default&#8221; global_colors_info=&#8221;{}&#8221;][et_pb_column type=&#8221;2_3&#8243; _builder_version=&#8221;4.17.4&#8243; _module_preset=&#8221;default&#8221; global_colors_info=&#8221;{}&#8221;][et_pb_text _builder_version=&#8221;4.17.4&#8243; _module_preset=&#8221;default&#8221; hover_enabled=&#8221;0&#8243; global_colors_info=&#8221;{}&#8221; sticky_enabled=&#8221;0&#8243;]<\/p>\n<h3 style=\"text-align: center\"><strong>Asignatura Infecciones adquiridas en la comunidad<\/strong><\/h3>\n<p style=\"text-align: justify\">El aula del M\u00e1ster de Enfermedades Infecciosas se convirti\u00f3 este fin de semana en un espacio de entrenamiento del juicio cl\u00ednico. En <em>infecciones comunitarias<\/em> los estudiantes analizaron casos reales y compartieron sus razonamientos en grupo.<\/p>\n<p style=\"text-align: justify\">El an\u00e1lisis de supuestos cl\u00ednicos de las infecciones comunitarias frecuentes (neumon\u00edas, ITUs, urinarias, piel\u2026) permiti\u00f3 a los alumnos desarrollar competencias clave integrando microbiolog\u00eda, cl\u00ednica y tratamiento farmacol\u00f3gico,\u00a0 para un uso responsable de antibi\u00f3ticos.<\/p>\n<p>[\/et_pb_text][et_pb_gallery gallery_ids=&#8221;3532,3535,3538,3541&#8243; _builder_version=&#8221;4.17.4&#8243; _module_preset=&#8221;default&#8221; global_colors_info=&#8221;{}&#8221;][\/et_pb_gallery][et_pb_text _builder_version=&#8221;4.17.4&#8243; _module_preset=&#8221;default&#8221; global_colors_info=&#8221;{}&#8221;]<\/p>\n<h2 style=\"text-align: center\"><strong>Bienvenida al M\u00e1ster de Infecciosas 2025\/2026<\/strong><\/h2>\n<p>&nbsp;<\/p>\n<p>El pasado jueves 23\/10\/2025 tuvo lugar el acto de bienvenida a los nuevos alumnos del M\u00e1ster en Enfermedades Infecciosas, celebrado en el Sal\u00f3n de Actos del Hospital de San Juan.<\/p>\n<p>Desde la coordinaci\u00f3n de la C\u00e1tedra de Infecciosas, les damos la m\u00e1s c\u00e1lida bienvenida y les deseamos un excelente inicio de curso acad\u00e9mico.<\/p>\n<p>[\/et_pb_text][et_pb_image src=&#8221;https:\/\/catedraenfermedadesinfecciosas.umh.es\/files\/2025\/11\/Foto-alumnos-y-profesores-Master.jpg&#8221; title_text=&#8221;Foto alumnos y profesores M\u00e1ster&#8221; _builder_version=&#8221;4.17.4&#8243; _module_preset=&#8221;default&#8221; global_colors_info=&#8221;{}&#8221;][\/et_pb_image][et_pb_text _builder_version=&#8221;4.17.4&#8243; _module_preset=&#8221;default&#8221; global_colors_info=&#8221;{}&#8221;]<\/p>\n<h2 class=\"entry-title\" style=\"text-align: center\"><strong>\u00a1Abierto el Primer Plazo de Preinscripci\u00f3n para el M\u00e1ster en Enfermedades Infecciosas!<\/strong><\/h2>\n<p>Ya puedes realizar tu preinscripci\u00f3n en el M\u00e1ster Universitario en Enfermedades Infecciosas y Salud Internacional de la Universidad Miguel Hern\u00e1ndez de Elche (UMH).<\/p>\n<p>\ud83d\udcc5 Fechas de preinscripci\u00f3n: del 10 de marzo al 19 de junio.<br \/>\ud83d\udcbb Proceso 100% online.<\/p>\n<p>Toda la informaci\u00f3n sobre requisitos, documentaci\u00f3n y pasos a seguir est\u00e1 disponible en la web del Servicio de Gesti\u00f3n de Estudios de la UMH.<\/p>\n<p><a href=\"https:\/\/estudios.umh.es\/instrucciones-de-preinscripcion-master-universitario\/\">Enlace a la preinscripci\u00f3n<\/a><\/p>\n<p>&nbsp;<\/p>\n<p>[\/et_pb_text][et_pb_image src=&#8221;https:\/\/catedraenfermedadesinfecciosas.umh.es\/files\/2025\/03\/MASTERES-25-980&#215;405-1.png&#8221; title_text=&#8221;MASTERES-25-980&#215;405&#8243; _builder_version=&#8221;4.17.4&#8243; _module_preset=&#8221;default&#8221; global_colors_info=&#8221;{}&#8221;][\/et_pb_image][et_pb_text _builder_version=&#8221;4.17.4&#8243; _module_preset=&#8221;default&#8221; background_enable_image=&#8221;off&#8221; global_colors_info=&#8221;{}&#8221;]<\/p>\n<h1 style=\"text-align: center\"><strong><a href=\"https:\/\/masterinfecciosas.umh.es\" target=\"_blank\" rel=\"noopener\">M\u00e1ster en Enfermedades Infecciosas y Salud Internacional<\/a><\/strong><\/h1>\n<p>[\/et_pb_text][et_pb_image src=&#8221;https:\/\/catedraenfermedadesinfecciosas.umh.es\/files\/2024\/07\/infecciosas-pormo-master-2018-1024&#215;724-1-1.jpg&#8221; title_text=&#8221;infecciosas-pormo-master-2018-1024&#215;724-1 (1)&#8221; url=&#8221;https:\/\/masterinfecciosas.umh.es\/&#8221; _builder_version=&#8221;4.17.4&#8243; _module_preset=&#8221;default&#8221; global_colors_info=&#8221;{}&#8221;][\/et_pb_image][et_pb_text _builder_version=&#8221;4.17.4&#8243; _module_preset=&#8221;default&#8221; custom_margin=&#8221;||-30px|||&#8221; global_colors_info=&#8221;{}&#8221;]<\/p>\n<blockquote>\n<p>Se trata de un programa referente siendo el \u00fanico\u00a0<strong>Master Oficial<\/strong> en el \u00e1rea de especializaci\u00f3n en Enfermedades Infecciosas, acreditado por el Ministerio de Educaci\u00f3n. <span>\u00a0El objetivo general del M\u00e1ster es proporcionar al alumnado los conocimientos y las habilidades necesarias para identificar los principales problemas producidos por las enfermedades infecciosas, y para formular y desarrollar proyectos de investigaci\u00f3n y programas de cooperaci\u00f3n internacional en el \u00e1mbito de la especialidad.<\/span><\/p>\n<\/blockquote>\n<p>&nbsp;<\/p>\n<p>[\/et_pb_text][et_pb_video src=&#8221;https:\/\/www.youtube.com\/watch?v=CpTNqmh6iMQ&#8221; _builder_version=&#8221;4.17.4&#8243; _module_preset=&#8221;default&#8221; width=&#8221;100%&#8221; min_height=&#8221;208.8px&#8221; custom_margin=&#8221;64px||64px||true|&#8221; custom_padding=&#8221;0px|||0px||&#8221; global_colors_info=&#8221;{}&#8221;][\/et_pb_video][et_pb_video src=&#8221;https:\/\/www.youtube.com\/watch?v=SQ6y3KOfPGg&#8221; _builder_version=&#8221;4.17.4&#8243; _module_preset=&#8221;default&#8221; global_colors_info=&#8221;{}&#8221;][\/et_pb_video][\/et_pb_column][et_pb_column type=&#8221;1_3&#8243; _builder_version=&#8221;4.17.4&#8243; _module_preset=&#8221;default&#8221; global_colors_info=&#8221;{}&#8221;][et_pb_text _builder_version=&#8221;4.17.4&#8243; _module_preset=&#8221;default&#8221; global_colors_info=&#8221;{}&#8221;]<\/p>\n<h4 style=\"text-align: center\" data-start=\"337\" data-end=\"526\"><strong>Microbiolog\u00eda y Terapia Antiinfecciosa<\/strong><\/h4>\n<p style=\"text-align: justify\" data-start=\"337\" data-end=\"526\">Tras la bienvenida, se dio inicio a las clases de la primera asignatura del M\u00e1ster, que incluy\u00f3 pr\u00e1cticas presenciales en el Laboratorio de Microbiolog\u00eda del Hospital de San Juan de Alicante.<\/p>\n<p style=\"text-align: justify\" data-start=\"337\" data-end=\"526\">Con este primer m\u00f3dulo, los estudiantes comienzan a desarrollar habilidades esenciales para el diagn\u00f3stico de las enfermedades infecciosas y el uso adecuado de los antimicrobianos.<\/p>\n<p>[\/et_pb_text][et_pb_gallery gallery_ids=&#8221;3403,3406,3409&#8243; _builder_version=&#8221;4.17.4&#8243; _module_preset=&#8221;default&#8221; global_colors_info=&#8221;{}&#8221;][\/et_pb_gallery][et_pb_text _builder_version=&#8221;4.17.4&#8243; _module_preset=&#8221;default&#8221; global_colors_info=&#8221;{}&#8221;]<\/p>\n<h3 style=\"text-align: center\"><strong>Bienvenida al M\u00e1ster de Infecciosas 2024\/2025<\/strong><\/h3>\n<p style=\"text-align: justify\">El pasado jueves 17\/10\/2024,\u00a0 tuvo lugar el acto de bienvenida a los nuevos alumnos del <a href=\"https:\/\/masterinfecciosas.umh.es\/\">M\u00e1ster de Enfermedades Infecciosas<\/a> en el Sal\u00f3n de Actos del Hospital de San Juan.<\/p>\n<p style=\"text-align: justify\">!Os deseamos un imejorable curso ac\u00e1demico!<\/p>\n<p>[\/et_pb_text][et_pb_image src=&#8221;https:\/\/catedraenfermedadesinfecciosas.umh.es\/files\/2024\/10\/bienvenida-1.jpg&#8221; title_text=&#8221;bienvenida&#8221; _builder_version=&#8221;4.17.4&#8243; _module_preset=&#8221;default&#8221; global_colors_info=&#8221;{}&#8221;][\/et_pb_image][et_pb_text _builder_version=&#8221;4.17.4&#8243; _module_preset=&#8221;default&#8221; global_colors_info=&#8221;{}&#8221;]<\/p>\n<p style=\"text-align: justify\">Tras la bienvenida se iniciaron las clases de la primera asignatura del Master con pr\u00e1cticas presenciales en el Laboratorio de Microbiolog\u00eda del Hospital de San Juan. Con este M\u00f3dulo los estudiantes desarrollar\u00e1n habilidades para el diagn\u00f3stico de las EEII y el manejo de antimicrobianos.<\/p>\n<p>[\/et_pb_text][et_pb_gallery gallery_ids=&#8221;2343,2340,2346&#8243; posts_number=&#8221;3&#8243; show_title_and_caption=&#8221;off&#8221; show_pagination=&#8221;off&#8221; _builder_version=&#8221;4.17.4&#8243; _module_preset=&#8221;default&#8221; global_colors_info=&#8221;{}&#8221;][\/et_pb_gallery][\/et_pb_column][\/et_pb_row][\/et_pb_section]<\/p>\n","protected":false},"excerpt":{"rendered":"<p>Asignatura Infecciones adquiridas en la comunidad El aula del M\u00e1ster de Enfermedades Infecciosas se convirti\u00f3 este fin de semana en un espacio de entrenamiento del juicio cl\u00ednico. En infecciones comunitarias los estudiantes analizaron casos reales y compartieron sus razonamientos en grupo. El an\u00e1lisis de supuestos cl\u00ednicos de las infecciones comunitarias frecuentes (neumon\u00edas, ITUs, urinarias, piel\u2026) [&hellip;]<\/p>\n","protected":false},"author":18080,"featured_media":0,"parent":391,"menu_order":0,"comment_status":"closed","ping_status":"closed","template":"","meta":{"_et_pb_use_builder":"on","_et_pb_old_content":"","_et_gb_content_width":"","_links_to":"","_links_to_target":""},"_links":{"self":[{"href":"https:\/\/catedraenfermedadesinfecciosas.umh.es\/ca\/wp-json\/wp\/v2\/pages\/1625"}],"collection":[{"href":"https:\/\/catedraenfermedadesinfecciosas.umh.es\/ca\/wp-json\/wp\/v2\/pages"}],"about":[{"href":"https:\/\/catedraenfermedadesinfecciosas.umh.es\/ca\/wp-json\/wp\/v2\/types\/page"}],"author":[{"embeddable":true,"href":"https:\/\/catedraenfermedadesinfecciosas.umh.es\/ca\/wp-json\/wp\/v2\/users\/18080"}],"replies":[{"embeddable":true,"href":"https:\/\/catedraenfermedadesinfecciosas.umh.es\/ca\/wp-json\/wp\/v2\/comments?post=1625"}],"version-history":[{"count":0,"href":"https:\/\/catedraenfermedadesinfecciosas.umh.es\/ca\/wp-json\/wp\/v2\/pages\/1625\/revisions"}],"up":[{"embeddable":true,"href":"https:\/\/catedraenfermedadesinfecciosas.umh.es\/ca\/wp-json\/wp\/v2\/pages\/391"}],"wp:attachment":[{"href":"https:\/\/catedraenfermedadesinfecciosas.umh.es\/ca\/wp-json\/wp\/v2\/media?parent=1625"}],"curies":[{"name":"wp","href":"https:\/\/api.w.org\/{rel}","templated":true}]}}