{"id":1017,"date":"2024-05-07T10:40:14","date_gmt":"2024-05-07T08:40:14","guid":{"rendered":"https:\/\/catedraenfermedadesinfecciosas.umh.es\/?page_id=1017"},"modified":"2024-05-07T11:33:22","modified_gmt":"2024-05-07T09:33:22","slug":"cnem-xlii-premio-infecciosas","status":"publish","type":"page","link":"https:\/\/catedraenfermedadesinfecciosas.umh.es\/ca\/novedades\/cnem-xlii-premio-infecciosas\/","title":{"rendered":"Borrador autom\u00e1tico"},"content":{"rendered":"<p>[et_pb_section fb_built=&#8221;1&#8243; _builder_version=&#8221;4.17.4&#8243; _module_preset=&#8221;default&#8221; background_enable_image=&#8221;off&#8221; global_colors_info=&#8221;{}&#8221;][et_pb_row _builder_version=&#8221;4.17.4&#8243; _module_preset=&#8221;default&#8221; global_colors_info=&#8221;{}&#8221;][et_pb_column type=&#8221;4_4&#8243; _builder_version=&#8221;4.17.4&#8243; _module_preset=&#8221;default&#8221; global_colors_info=&#8221;{}&#8221;][et_pb_image src=&#8221;https:\/\/catedraenfermedadesinfecciosas.umh.es\/files\/2024\/05\/Ensigna-1.jpg&#8221; title_text=&#8221;VII EDICION DEL PREMIO INFECCIOSAS&#8221; _builder_version=&#8221;4.17.4&#8243; _module_preset=&#8221;default&#8221; hover_enabled=&#8221;0&#8243; global_colors_info=&#8221;{}&#8221; sticky_enabled=&#8221;0&#8243;][\/et_pb_image][et_pb_text _builder_version=&#8221;4.17.4&#8243; _module_preset=&#8221;default&#8221; global_colors_info=&#8221;{}&#8221;]<\/p>\n<div style=\"text-align: justify\">La<strong> C\u00e1tedra de Enfermedades Infecciosas y VIH\/SIDA<\/strong> de la Universidad Miguel Hern\u00e1ndez de Elche convoca la VII Edici\u00f3n del premio de investigaci\u00f3n en Enfermedades Infecciosas del XLII Congreso Nacional de Estudiantes de Medicina.<\/div>\n<div>\u00a0<\/div>\n<blockquote>\n<div>Caracter\u00edsticas del concurso y perfil de los aspirantes:<\/div>\n<\/blockquote>\n<ul>\n<li style=\"text-align: justify\">Los idiomas oficiales del XLII CNEM son el castellano y el ingl\u00e9s, por lo que se acepta cualquier trabajo escrito y\/o presentado en estos idiomas. Asimismo, el PowerPoint de las Comunicaciones Orales deber\u00e1 ser entregado obligatoriamente en ingl\u00e9s, ya que, al ser un congreso internacional, debemos facilitar la compresi\u00f3n de los oyentes que vengan de fuera de Espa\u00f1a.<\/li>\n<li style=\"text-align: justify\">\u00a0La extensi\u00f3n del trabajo para la categor\u00eda \u201cPremio de la C\u00e1tedra de Enfermedades Infecciosas y VIH\/sida de la UMH\u201d debe tener un m\u00e1ximo de 3.000 palabras, (sin contar la portada, abstract ni la bibliograf\u00eda) m\u00e1s un anexo que contenga las tablas y gr\u00e1ficas relevantes. Para m\u00e1s informaci\u00f3n ver documento \u201cNormas de estilo y caracter\u00edsticas de los trabajos &#8211; CNEM 2024\u201d. Cada trabajo podr\u00e1 contar con un m\u00e1ximo de 3 autores y al menos 1 tutor, estando este \u00faltimo no necesariamente vinculado a la UMH.<\/li>\n<\/ul>\n<blockquote>\n<p>Proceso del certamen y evaluaci\u00f3n de los trabajo<\/p>\n<\/blockquote>\n<ul>\n<li style=\"text-align: justify\">\u00a0Independientemente de la fecha l\u00edmite de entrega, el Comit\u00e9 Cient\u00edfico deber\u00e1 ser informado de la intenci\u00f3n de presentar un trabajo antes del d\u00eda 30 de Septiembre de 2024, notific\u00e1ndose al correo electr\u00f3nico\u00a0<a href=\"mailto:cientifico.cnem@umh.es\" target=\"_blank\" rel=\"noopener\">cientifico.cnem@umh.es<\/a>\u00a0mediante la entrega del abstract en el caso de las comunicaciones orales, y mediante un correo que contenga el t\u00edtulo del trabajo en el caso de los paneles. El trabajo definitivo de las Comunicaciones Orales deber\u00e1 ser enviado en formato PDF o Word a\u00a0<a href=\"mailto:cientifico.cnem@umh.es\" target=\"_blank\" rel=\"noopener\">cientifico.cnem@umh.es<\/a>\u00a0antes del 7 de Octubre de 2024. Tambi\u00e9n se debe enviar la presentaci\u00f3n PowerPoint 3 d\u00edas previos a la realizaci\u00f3n del Congreso para prevenir la aparici\u00f3n de problemas t\u00e9cnicos (l\u00edmite hasta el 20 de Octubre de 2024). El hecho de participar en este concurso obliga a presentarse al \u201cPremio Mejor Comunicaci\u00f3n Oral\u201d otorgado por el Comit\u00e9 Cient\u00edfico del XLII CNEM.<\/li>\n<\/ul>\n<blockquote>\n<p>Evaluaci\u00f3n<\/p>\n<\/blockquote>\n<ul>\n<li style=\"text-align: justify\">Ser\u00e1 valorado por un jurado compuesto por diferentes profesores de la \u201cC\u00e1tedra de Enfermedades Infecciosas y VIH\/SIDA de la UMH\u201d. La comunicaci\u00f3n galardonada se anunciar\u00e1 durante la conferencia de Clausura del Congreso (25 de Octubre de 2024). El\/La autor\/a deber\u00e1 estar presente durante la ceremonia para recibir su premio.<\/li>\n<\/ul>\n<p>[\/et_pb_text][\/et_pb_column][\/et_pb_row][\/et_pb_section]<\/p>\n","protected":false},"excerpt":{"rendered":"<p>La C\u00e1tedra de Enfermedades Infecciosas y VIH\/SIDA de la Universidad Miguel Hern\u00e1ndez de Elche convoca la VII Edici\u00f3n del premio de investigaci\u00f3n en Enfermedades Infecciosas del XLII Congreso Nacional de Estudiantes de Medicina. \u00a0 Caracter\u00edsticas del concurso y perfil de los aspirantes: Los idiomas oficiales del XLII CNEM son el castellano y el ingl\u00e9s, por [&hellip;]<\/p>\n","protected":false},"author":18080,"featured_media":0,"parent":18,"menu_order":0,"comment_status":"closed","ping_status":"closed","template":"","meta":{"_et_pb_use_builder":"on","_et_pb_old_content":"","_et_gb_content_width":"","_links_to":"","_links_to_target":""},"_links":{"self":[{"href":"https:\/\/catedraenfermedadesinfecciosas.umh.es\/ca\/wp-json\/wp\/v2\/pages\/1017"}],"collection":[{"href":"https:\/\/catedraenfermedadesinfecciosas.umh.es\/ca\/wp-json\/wp\/v2\/pages"}],"about":[{"href":"https:\/\/catedraenfermedadesinfecciosas.umh.es\/ca\/wp-json\/wp\/v2\/types\/page"}],"author":[{"embeddable":true,"href":"https:\/\/catedraenfermedadesinfecciosas.umh.es\/ca\/wp-json\/wp\/v2\/users\/18080"}],"replies":[{"embeddable":true,"href":"https:\/\/catedraenfermedadesinfecciosas.umh.es\/ca\/wp-json\/wp\/v2\/comments?post=1017"}],"version-history":[{"count":0,"href":"https:\/\/catedraenfermedadesinfecciosas.umh.es\/ca\/wp-json\/wp\/v2\/pages\/1017\/revisions"}],"up":[{"embeddable":true,"href":"https:\/\/catedraenfermedadesinfecciosas.umh.es\/ca\/wp-json\/wp\/v2\/pages\/18"}],"wp:attachment":[{"href":"https:\/\/catedraenfermedadesinfecciosas.umh.es\/ca\/wp-json\/wp\/v2\/media?parent=1017"}],"curies":[{"name":"wp","href":"https:\/\/api.w.org\/{rel}","templated":true}]}}